{"id":729,"date":"2023-10-27T12:08:14","date_gmt":"2023-10-27T12:08:14","guid":{"rendered":"https:\/\/wellink.213-249-69-210.plesk.page\/?page_id=729"},"modified":"2025-01-09T07:40:29","modified_gmt":"2025-01-09T07:40:29","slug":"metaalunie-voorwaarden","status":"publish","type":"page","link":"https:\/\/wellink-equipment.com\/en\/metaalunie-voorwaarden\/","title":{"rendered":"Terms and conditions of the Metaalunie"},"content":{"rendered":"<div data-elementor-type=\"wp-page\" data-elementor-id=\"729\" class=\"elementor elementor-729\" data-elementor-post-type=\"page\">\n\t\t\t\t<div class=\"elementor-element elementor-element-a89c900 e-con-full e-flex e-con e-parent\" data-id=\"a89c900\" data-element_type=\"container\" data-e-type=\"container\" data-settings=\"{&quot;background_background&quot;:&quot;classic&quot;}\">\n\t\t\t\t<\/div>\n\t\t<div class=\"elementor-element elementor-element-3fe2457 e-flex e-con-boxed e-con e-parent\" data-id=\"3fe2457\" data-element_type=\"container\" data-e-type=\"container\">\n\t\t\t\t\t<div class=\"e-con-inner\">\n\t\t\t\t<div class=\"elementor-element elementor-element-7b096a6 elementor-widget elementor-widget-heading\" data-id=\"7b096a6\" data-element_type=\"widget\" data-e-type=\"widget\" data-widget_type=\"heading.default\">\n\t\t\t\t<div class=\"elementor-widget-container\">\n\t\t\t\t\t<h2 class=\"elementor-heading-title elementor-size-default\">Terms and conditions of the Metaalunie<\/h2>\t\t\t\t<\/div>\n\t\t\t\t<\/div>\n\t\t\t\t<div class=\"elementor-element elementor-element-ab744b9 elementor-widget elementor-widget-text-editor\" data-id=\"ab744b9\" data-element_type=\"widget\" data-e-type=\"widget\" data-widget_type=\"text-editor.default\">\n\t\t\t\t<div class=\"elementor-widget-container\">\n\t\t\t\t\t\t\t\t\t<p>Op al onze aanbiedingen en leveringen zijn de Metaalunie voorwaarden van toepassing. Deze kunt u hier downloaden.<\/p><p><a href=\"https:\/\/wellink-equipment.com\/wp-content\/uploads\/2025\/01\/Metaalunievoorwaarden-2025-Nederlands-1.pdf\" target=\"_blank\" rel=\"noopener\">Metaalunievoorwaarden NL<\/a><\/p><p>F\u00fcr alle unsere Angebote und Lieferungen gelten die Metaalunie-Bedingungen. Diesen k\u00f6nnen Sie hier herunterladen.<\/p><p><a href=\"https:\/\/wellink-equipment.com\/wp-content\/uploads\/2025\/01\/Metaalunievoorwaarden-2025-Duits-1.pdf\" target=\"_blank\" rel=\"noopener\">Metaalunie Bedingungen DE<\/a><\/p><p>The Metaalunie conditions apply to all our offers and deliveries. You can download this here.<\/p><p><a href=\"https:\/\/wellink-equipment.com\/wp-content\/uploads\/2025\/01\/Metaalunievoorwaarden-2025-Engels-1.pdf\" target=\"_blank\" rel=\"noopener\">Metaalunie conditions EN<\/a><\/p><p>Les conditions de Metaalunie s&#8217;appliquent \u00e0 toutes nos offres et livraisons. Vous pouvez les t\u00e9l\u00e9charger ici.<\/p><p><a href=\"https:\/\/wellink-equipment.com\/wp-content\/uploads\/2025\/01\/Metaalunievoorwaarden-2025-Frans-1.pdf\" target=\"_blank\" rel=\"noopener\">Conditions Metaalunie FR<\/a><\/p><p>Las condiciones de Metaalunie se aplican a todas nuestras ofertas y entregas. Puede descargarlas aqu\u00ed.<\/p><p><a href=\"https:\/\/wellink-equipment.com\/wp-content\/uploads\/2025\/01\/Metaalunievoorwaarden-2025-Spaans-1.pdf\" target=\"_blank\" rel=\"noopener\">Condiciones Metaalunie ESP<\/a><\/p>\t\t\t\t\t\t\t\t<\/div>\n\t\t\t\t<\/div>\n\t\t\t\t\t<\/div>\n\t\t\t\t<\/div>\n\t\t\t\t<\/div>","protected":false},"excerpt":{"rendered":"<p>Metaalunie voorwaarden Op al onze aanbiedingen en leveringen zijn de Metaalunie voorwaarden van toepassing. Deze kunt u hier downloaden. Metaalunievoorwaarden NL F\u00fcr alle unsere Angebote und Lieferungen gelten die Metaalunie-Bedingungen. Diesen k\u00f6nnen Sie hier herunterladen. Metaalunie Bedingungen DE The Metaalunie conditions apply to all our offers and deliveries. You can download this here. Metaalunie conditions [&hellip;]<\/p>\n","protected":false},"author":2,"featured_media":0,"parent":0,"menu_order":15,"comment_status":"closed","ping_status":"closed","template":"elementor_header_footer","meta":{"footnotes":""},"class_list":["post-729","page","type-page","status-publish","hentry"],"yoast_head":"<!-- This site is optimized with the Yoast SEO plugin v27.1.1 - https:\/\/yoast.com\/product\/yoast-seo-wordpress\/ -->\n<title>Metaalunie voorwaarden - Wellink Equipment<\/title>\n<meta name=\"robots\" content=\"index, follow, max-snippet:-1, max-image-preview:large, max-video-preview:-1\" \/>\n<link rel=\"canonical\" href=\"https:\/\/wellink-equipment.com\/en\/metaalunie-voorwaarden\/\" \/>\n<meta property=\"og:locale\" content=\"en_GB\" \/>\n<meta property=\"og:type\" content=\"article\" \/>\n<meta property=\"og:title\" content=\"Metaalunie voorwaarden - Wellink Equipment\" \/>\n<meta property=\"og:description\" content=\"Metaalunie voorwaarden Op al onze aanbiedingen en leveringen zijn de Metaalunie voorwaarden van toepassing. Deze kunt u hier downloaden. Metaalunievoorwaarden NL F\u00fcr alle unsere Angebote und Lieferungen gelten die Metaalunie-Bedingungen. Diesen k\u00f6nnen Sie hier herunterladen. Metaalunie Bedingungen DE The Metaalunie conditions apply to all our offers and deliveries. You can download this here. Metaalunie conditions [&hellip;]\" \/>\n<meta property=\"og:url\" content=\"https:\/\/wellink-equipment.com\/en\/metaalunie-voorwaarden\/\" \/>\n<meta property=\"og:site_name\" content=\"Wellink Equipment\" \/>\n<meta property=\"article:modified_time\" content=\"2025-01-09T07:40:29+00:00\" \/>\n<meta name=\"twitter:card\" content=\"summary_large_image\" \/>\n<meta name=\"twitter:label1\" content=\"Estimated reading time\" \/>\n\t<meta name=\"twitter:data1\" content=\"1 minute\" \/>\n<script type=\"application\/ld+json\" class=\"yoast-schema-graph\">{\"@context\":\"https:\/\/schema.org\",\"@graph\":[{\"@type\":\"WebPage\",\"@id\":\"https:\/\/wellink-equipment.com\/metaalunie-voorwaarden\/\",\"url\":\"https:\/\/wellink-equipment.com\/metaalunie-voorwaarden\/\",\"name\":\"Metaalunie voorwaarden - Wellink Equipment\",\"isPartOf\":{\"@id\":\"https:\/\/wellink-equipment.com\/#website\"},\"datePublished\":\"2023-10-27T12:08:14+00:00\",\"dateModified\":\"2025-01-09T07:40:29+00:00\",\"breadcrumb\":{\"@id\":\"https:\/\/wellink-equipment.com\/metaalunie-voorwaarden\/#breadcrumb\"},\"inLanguage\":\"en-GB\",\"potentialAction\":[{\"@type\":\"ReadAction\",\"target\":[\"https:\/\/wellink-equipment.com\/metaalunie-voorwaarden\/\"]}]},{\"@type\":\"BreadcrumbList\",\"@id\":\"https:\/\/wellink-equipment.com\/metaalunie-voorwaarden\/#breadcrumb\",\"itemListElement\":[{\"@type\":\"ListItem\",\"position\":1,\"name\":\"Home\",\"item\":\"https:\/\/wellink-equipment.com\/\"},{\"@type\":\"ListItem\",\"position\":2,\"name\":\"Metaalunie voorwaarden\"}]},{\"@type\":\"WebSite\",\"@id\":\"https:\/\/wellink-equipment.com\/#website\",\"url\":\"https:\/\/wellink-equipment.com\/\",\"name\":\"Wellink Machines\",\"description\":\"\",\"publisher\":{\"@id\":\"https:\/\/wellink-equipment.com\/#organization\"},\"potentialAction\":[{\"@type\":\"SearchAction\",\"target\":{\"@type\":\"EntryPoint\",\"urlTemplate\":\"https:\/\/wellink-equipment.com\/?s={search_term_string}\"},\"query-input\":{\"@type\":\"PropertyValueSpecification\",\"valueRequired\":true,\"valueName\":\"search_term_string\"}}],\"inLanguage\":\"en-GB\"},{\"@type\":\"Organization\",\"@id\":\"https:\/\/wellink-equipment.com\/#organization\",\"name\":\"Wellink Machines\",\"url\":\"https:\/\/wellink-equipment.com\/\",\"logo\":{\"@type\":\"ImageObject\",\"inLanguage\":\"en-GB\",\"@id\":\"https:\/\/wellink-equipment.com\/#\/schema\/logo\/image\/\",\"url\":\"https:\/\/wellink-equipment.com\/wp-content\/uploads\/2023\/10\/Wellink-logo.png\",\"contentUrl\":\"https:\/\/wellink-equipment.com\/wp-content\/uploads\/2023\/10\/Wellink-logo.png\",\"width\":227,\"height\":62,\"caption\":\"Wellink Machines\"},\"image\":{\"@id\":\"https:\/\/wellink-equipment.com\/#\/schema\/logo\/image\/\"}}]}<\/script>\n<!-- \/ Yoast SEO plugin. -->","yoast_head_json":{"title":"Metaalunie voorwaarden - Wellink Equipment","robots":{"index":"index","follow":"follow","max-snippet":"max-snippet:-1","max-image-preview":"max-image-preview:large","max-video-preview":"max-video-preview:-1"},"canonical":"https:\/\/wellink-equipment.com\/en\/metaalunie-voorwaarden\/","og_locale":"en_GB","og_type":"article","og_title":"Metaalunie voorwaarden - Wellink Equipment","og_description":"Metaalunie voorwaarden Op al onze aanbiedingen en leveringen zijn de Metaalunie voorwaarden van toepassing. Deze kunt u hier downloaden. Metaalunievoorwaarden NL F\u00fcr alle unsere Angebote und Lieferungen gelten die Metaalunie-Bedingungen. Diesen k\u00f6nnen Sie hier herunterladen. Metaalunie Bedingungen DE The Metaalunie conditions apply to all our offers and deliveries. You can download this here. Metaalunie conditions [&hellip;]","og_url":"https:\/\/wellink-equipment.com\/en\/metaalunie-voorwaarden\/","og_site_name":"Wellink Equipment","article_modified_time":"2025-01-09T07:40:29+00:00","twitter_card":"summary_large_image","twitter_misc":{"Estimated reading time":"1 minute"},"schema":{"@context":"https:\/\/schema.org","@graph":[{"@type":"WebPage","@id":"https:\/\/wellink-equipment.com\/metaalunie-voorwaarden\/","url":"https:\/\/wellink-equipment.com\/metaalunie-voorwaarden\/","name":"Metaalunie voorwaarden - Wellink Equipment","isPartOf":{"@id":"https:\/\/wellink-equipment.com\/#website"},"datePublished":"2023-10-27T12:08:14+00:00","dateModified":"2025-01-09T07:40:29+00:00","breadcrumb":{"@id":"https:\/\/wellink-equipment.com\/metaalunie-voorwaarden\/#breadcrumb"},"inLanguage":"en-GB","potentialAction":[{"@type":"ReadAction","target":["https:\/\/wellink-equipment.com\/metaalunie-voorwaarden\/"]}]},{"@type":"BreadcrumbList","@id":"https:\/\/wellink-equipment.com\/metaalunie-voorwaarden\/#breadcrumb","itemListElement":[{"@type":"ListItem","position":1,"name":"Home","item":"https:\/\/wellink-equipment.com\/"},{"@type":"ListItem","position":2,"name":"Metaalunie voorwaarden"}]},{"@type":"WebSite","@id":"https:\/\/wellink-equipment.com\/#website","url":"https:\/\/wellink-equipment.com\/","name":"Wellink Machines","description":"","publisher":{"@id":"https:\/\/wellink-equipment.com\/#organization"},"potentialAction":[{"@type":"SearchAction","target":{"@type":"EntryPoint","urlTemplate":"https:\/\/wellink-equipment.com\/?s={search_term_string}"},"query-input":{"@type":"PropertyValueSpecification","valueRequired":true,"valueName":"search_term_string"}}],"inLanguage":"en-GB"},{"@type":"Organization","@id":"https:\/\/wellink-equipment.com\/#organization","name":"Wellink Machines","url":"https:\/\/wellink-equipment.com\/","logo":{"@type":"ImageObject","inLanguage":"en-GB","@id":"https:\/\/wellink-equipment.com\/#\/schema\/logo\/image\/","url":"https:\/\/wellink-equipment.com\/wp-content\/uploads\/2023\/10\/Wellink-logo.png","contentUrl":"https:\/\/wellink-equipment.com\/wp-content\/uploads\/2023\/10\/Wellink-logo.png","width":227,"height":62,"caption":"Wellink Machines"},"image":{"@id":"https:\/\/wellink-equipment.com\/#\/schema\/logo\/image\/"}}]}},"_links":{"self":[{"href":"https:\/\/wellink-equipment.com\/en\/wp-json\/wp\/v2\/pages\/729","targetHints":{"allow":["GET"]}}],"collection":[{"href":"https:\/\/wellink-equipment.com\/en\/wp-json\/wp\/v2\/pages"}],"about":[{"href":"https:\/\/wellink-equipment.com\/en\/wp-json\/wp\/v2\/types\/page"}],"author":[{"embeddable":true,"href":"https:\/\/wellink-equipment.com\/en\/wp-json\/wp\/v2\/users\/2"}],"replies":[{"embeddable":true,"href":"https:\/\/wellink-equipment.com\/en\/wp-json\/wp\/v2\/comments?post=729"}],"version-history":[{"count":38,"href":"https:\/\/wellink-equipment.com\/en\/wp-json\/wp\/v2\/pages\/729\/revisions"}],"predecessor-version":[{"id":10883,"href":"https:\/\/wellink-equipment.com\/en\/wp-json\/wp\/v2\/pages\/729\/revisions\/10883"}],"wp:attachment":[{"href":"https:\/\/wellink-equipment.com\/en\/wp-json\/wp\/v2\/media?parent=729"}],"curies":[{"name":"wp","href":"https:\/\/api.w.org\/{rel}","templated":true}]}}