{"id":82,"date":"2023-10-23T09:00:32","date_gmt":"2023-10-23T09:00:32","guid":{"rendered":"https:\/\/wellink.213-249-69-210.plesk.page\/?page_id=82"},"modified":"2026-01-20T10:06:17","modified_gmt":"2026-01-20T10:06:17","slug":"gebruikt-materieel","status":"publish","type":"page","link":"https:\/\/wellink-equipment.com\/de\/gebruikt-materieel\/","title":{"rendered":"Gebrauchte Ausr\u00fcstung"},"content":{"rendered":"<div data-elementor-type=\"wp-page\" data-elementor-id=\"82\" class=\"elementor elementor-82\" data-elementor-post-type=\"page\">\n\t\t\t\t<div class=\"elementor-element elementor-element-a83f078 e-flex e-con-boxed e-con e-parent\" data-id=\"a83f078\" data-element_type=\"container\" data-e-type=\"container\" data-settings=\"{&quot;background_background&quot;:&quot;classic&quot;}\">\n\t\t\t\t\t<div class=\"e-con-inner\">\n\t\t\t\t\t<\/div>\n\t\t\t\t<\/div>\n\t\t<div class=\"elementor-element elementor-element-c4433a4 e-flex e-con-boxed e-con e-parent\" data-id=\"c4433a4\" data-element_type=\"container\" data-e-type=\"container\" data-settings=\"{&quot;background_background&quot;:&quot;gradient&quot;}\">\n\t\t\t\t\t<div class=\"e-con-inner\">\n\t\t<div class=\"elementor-element elementor-element-d4ecc16 e-con-full e-flex e-con e-child\" data-id=\"d4ecc16\" data-element_type=\"container\" data-e-type=\"container\">\n\t\t\t\t<div class=\"elementor-element elementor-element-5b2fca9 elementor-widget elementor-widget-heading\" data-id=\"5b2fca9\" data-element_type=\"widget\" data-e-type=\"widget\" data-widget_type=\"heading.default\">\n\t\t\t\t<div class=\"elementor-widget-container\">\n\t\t\t\t\t<h2 class=\"elementor-heading-title elementor-size-default\">Brauchen Sie mehr Informationen?<\/h2>\t\t\t\t<\/div>\n\t\t\t\t<\/div>\n\t\t\t\t<div class=\"elementor-element elementor-element-09f2a70 elementor-widget elementor-widget-heading\" data-id=\"09f2a70\" data-element_type=\"widget\" data-e-type=\"widget\" data-widget_type=\"heading.default\">\n\t\t\t\t<div class=\"elementor-widget-container\">\n\t\t\t\t\t<h2 class=\"elementor-heading-title elementor-size-default\">Unser Verkaufsteam steht Ihnen gerne zur Verf\u00fcgung!<\/h2>\t\t\t\t<\/div>\n\t\t\t\t<\/div>\n\t\t\t\t<\/div>\n\t\t<div class=\"elementor-element elementor-element-c45e7f2 e-con-full e-flex e-con e-child\" data-id=\"c45e7f2\" data-element_type=\"container\" data-e-type=\"container\">\n\t\t\t\t<div class=\"elementor-element elementor-element-f413907 elementor-view-default elementor-invisible elementor-widget elementor-widget-icon\" data-id=\"f413907\" data-element_type=\"widget\" data-e-type=\"widget\" data-settings=\"{&quot;_animation&quot;:&quot;fadeInDown&quot;}\" data-widget_type=\"icon.default\">\n\t\t\t\t<div class=\"elementor-widget-container\">\n\t\t\t\t\t\t\t<div class=\"elementor-icon-wrapper\">\n\t\t\t<div class=\"elementor-icon elementor-animation-push\">\n\t\t\t<svg xmlns=\"http:\/\/www.w3.org\/2000\/svg\" width=\"80\" height=\"80\" viewbox=\"0 0 80 80\"><g id=\"Group_88\" data-name=\"Group 88\" transform=\"translate(-920 -1009)\"><circle id=\"Ellipse_86\" data-name=\"Ellipse 86\" cx=\"40\" cy=\"40\" r=\"40\" transform=\"translate(920 1009)\" fill=\"#fff\"><\/circle><path id=\"Polygon_1\" data-name=\"Polygon 1\" d=\"M24.5,0,49,25H0Z\" transform=\"translate(985 1070) rotate(180)\" fill=\"#1e78c1\"><\/path><\/g><\/svg>\t\t\t<\/div>\n\t\t<\/div>\n\t\t\t\t\t\t<\/div>\n\t\t\t\t<\/div>\n\t\t\t\t<\/div>\n\t\t<div class=\"elementor-element elementor-element-92a0014 e-flex e-con-boxed e-con e-child\" data-id=\"92a0014\" data-element_type=\"container\" data-e-type=\"container\">\n\t\t\t\t\t<div class=\"e-con-inner\">\n\t\t\t\t<div class=\"elementor-element elementor-element-7615282 elementor-mobile-align-center elementor-widget elementor-widget-button\" data-id=\"7615282\" data-element_type=\"widget\" data-e-type=\"widget\" data-widget_type=\"button.default\">\n\t\t\t\t<div class=\"elementor-widget-container\">\n\t\t\t\t\t\t\t\t\t<div class=\"elementor-button-wrapper\">\n\t\t\t\t\t<a class=\"elementor-button elementor-button-link elementor-size-sm\" href=\"tel:%200031544769009\">\n\t\t\t\t\t\t<span class=\"elementor-button-content-wrapper\">\n\t\t\t\t\t\t<span class=\"elementor-button-icon\">\n\t\t\t\t<i aria-hidden=\"true\" class=\"fas fa-phone-alt\"><\/i>\t\t\t<\/span>\n\t\t\t\t\t\t\t\t\t<span class=\"elementor-button-text\"> +31 (0) 544 - 769009<\/span>\n\t\t\t\t\t<\/span>\n\t\t\t\t\t<\/a>\n\t\t\t\t<\/div>\n\t\t\t\t\t\t\t\t<\/div>\n\t\t\t\t<\/div>\n\t\t\t\t<div class=\"elementor-element elementor-element-b5dc4aa elementor-widget elementor-widget-button\" data-id=\"b5dc4aa\" data-element_type=\"widget\" data-e-type=\"widget\" data-widget_type=\"button.default\">\n\t\t\t\t<div class=\"elementor-widget-container\">\n\t\t\t\t\t\t\t\t\t<div class=\"elementor-button-wrapper\">\n\t\t\t\t\t<a class=\"elementor-button elementor-button-link elementor-size-sm\" href=\"#elementor-action%3Aaction%3Dpopup%3Aopen%26settings%3DeyJpZCI6IjE3NTgiLCJ0b2dnbGUiOmZhbHNlfQ%3D%3D\">\n\t\t\t\t\t\t<span class=\"elementor-button-content-wrapper\">\n\t\t\t\t\t\t<span class=\"elementor-button-icon\">\n\t\t\t\t<i aria-hidden=\"true\" class=\"fas fa-arrow-right\"><\/i>\t\t\t<\/span>\n\t\t\t\t\t\t\t\t\t<span class=\"elementor-button-text\">Vereinbaren Sie einen Termin<\/span>\n\t\t\t\t\t<\/span>\n\t\t\t\t\t<\/a>\n\t\t\t\t<\/div>\n\t\t\t\t\t\t\t\t<\/div>\n\t\t\t\t<\/div>\n\t\t\t\t\t<\/div>\n\t\t\t\t<\/div>\n\t\t\t\t\t<\/div>\n\t\t\t\t<\/div>\n\t\t<div class=\"elementor-element elementor-element-c5b0682 e-flex e-con-boxed e-con e-parent\" data-id=\"c5b0682\" data-element_type=\"container\" data-e-type=\"container\">\n\t\t\t\t\t<div class=\"e-con-inner\">\n\t\t<div class=\"elementor-element elementor-element-f898809 e-con-full e-flex e-con e-child\" data-id=\"f898809\" data-element_type=\"container\" data-e-type=\"container\">\n\t\t\t\t<div class=\"elementor-element elementor-element-edfd07a elementor-widget elementor-widget-heading\" data-id=\"edfd07a\" data-element_type=\"widget\" data-e-type=\"widget\" data-widget_type=\"heading.default\">\n\t\t\t\t<div class=\"elementor-widget-container\">\n\t\t\t\t\t<h2 class=\"elementor-heading-title elementor-size-default\"><b>Gebrauchte Ausr\u00fcstung<\/b><\/h2>\t\t\t\t<\/div>\n\t\t\t\t<\/div>\n\t\t\t\t<div class=\"elementor-element elementor-element-cb0e13b elementor-widget elementor-widget-text-editor\" data-id=\"cb0e13b\" data-element_type=\"widget\" data-e-type=\"widget\" data-widget_type=\"text-editor.default\">\n\t\t\t\t<div class=\"elementor-widget-container\">\n\t\t\t\t\t\t\t\t\t<p>Unten finden Sie eine \u00dcbersicht unserer gebrauchten Maschinen mit einem Link zu einer PDF-Datei mit maschinenspezifischen Informationen sowie zur Webseite der jeweiligen Maschine f\u00fcr allgemeinere Informationen.<\/p><p class=\" translation-block\">\"F\u00fcr Informationen \u00fcber unsere gebrauchten Maschinen und Tr\u00e4gerger\u00e4te, kontaktieren Sie uns bitte telefonisch oder per E-Mail.<\/p><p>Schauen Sie auch auf unserer Mascus-Seite vorbei, um unsere gebrauchten Maschinen zu sehen.\u00a0<\/p><p><!-- \/wp:paragraph --><\/p>\t\t\t\t\t\t\t\t<\/div>\n\t\t\t\t<\/div>\n\t\t<div class=\"elementor-element elementor-element-4a313ec e-con-full e-flex e-con e-child\" data-id=\"4a313ec\" data-element_type=\"container\" data-e-type=\"container\">\n\t\t\t\t<div class=\"elementor-element elementor-element-99098a4 elementor-align-left elementor-widget elementor-widget-button\" data-id=\"99098a4\" data-element_type=\"widget\" data-e-type=\"widget\" data-widget_type=\"button.default\">\n\t\t\t\t<div class=\"elementor-widget-container\">\n\t\t\t\t\t\t\t\t\t<div class=\"elementor-button-wrapper\">\n\t\t\t\t\t<a class=\"elementor-button elementor-button-link elementor-size-sm\" href=\"https:\/\/www.mascus.co.uk\/wellink\/a7686b23,1,relevance,searchdealer.html\" target=\"_blank\">\n\t\t\t\t\t\t<span class=\"elementor-button-content-wrapper\">\n\t\t\t\t\t\t\t\t\t<span class=\"elementor-button-text\">Klik hier voor onze Mascus site<\/span>\n\t\t\t\t\t<\/span>\n\t\t\t\t\t<\/a>\n\t\t\t\t<\/div>\n\t\t\t\t\t\t\t\t<\/div>\n\t\t\t\t<\/div>\n\t\t\t\t<\/div>\n\t\t\t\t<\/div>\n\t\t<div class=\"elementor-element elementor-element-ab6cff1 e-con-full e-flex e-con e-child\" data-id=\"ab6cff1\" data-element_type=\"container\" data-e-type=\"container\">\n\t\t\t\t<div class=\"elementor-element elementor-element-64c2ca0 elementor-widget elementor-widget-image\" data-id=\"64c2ca0\" data-element_type=\"widget\" data-e-type=\"widget\" data-widget_type=\"image.default\">\n\t\t\t\t<div class=\"elementor-widget-container\">\n\t\t\t\t\t\t\t\t\t\t\t\t\t\t\t<img fetchpriority=\"high\" decoding=\"async\" width=\"800\" height=\"208\" src=\"https:\/\/wellink-equipment.com\/wp-content\/uploads\/2025\/02\/mascus_black_orangeDot11.png\" class=\"attachment-large size-large wp-image-10366\" alt=\"\" srcset=\"https:\/\/wellink-equipment.com\/wp-content\/uploads\/2025\/02\/mascus_black_orangeDot11.png 1024w, https:\/\/wellink-equipment.com\/wp-content\/uploads\/2025\/02\/mascus_black_orangeDot11-300x78.png 300w, https:\/\/wellink-equipment.com\/wp-content\/uploads\/2025\/02\/mascus_black_orangeDot11-768x200.png 768w, https:\/\/wellink-equipment.com\/wp-content\/uploads\/2025\/02\/mascus_black_orangeDot11-18x5.png 18w\" sizes=\"(max-width: 800px) 100vw, 800px\" \/>\t\t\t\t\t\t\t\t\t\t\t\t\t\t\t<\/div>\n\t\t\t\t<\/div>\n\t\t\t\t<\/div>\n\t\t\t\t\t<\/div>\n\t\t\t\t<\/div>\n\t\t<div class=\"elementor-element elementor-element-5c29bbb e-flex e-con-boxed e-con e-parent\" data-id=\"5c29bbb\" data-element_type=\"container\" data-e-type=\"container\">\n\t\t\t\t\t<div class=\"e-con-inner\">\n\t\t<div class=\"elementor-element elementor-element-053f12e e-con-full e-flex e-con e-child\" data-id=\"053f12e\" data-element_type=\"container\" data-e-type=\"container\">\n\t\t\t\t<div class=\"elementor-element elementor-element-a71b7bf elementor-cta--skin-classic elementor-animated-content elementor-bg-transform elementor-bg-transform-zoom-in elementor-widget elementor-widget-call-to-action\" data-id=\"a71b7bf\" data-element_type=\"widget\" data-e-type=\"widget\" data-widget_type=\"call-to-action.default\">\n\t\t\t\t<div class=\"elementor-widget-container\">\n\t\t\t\t\t\t\t<a class=\"elementor-cta\" href=\"https:\/\/wellink-equipment.com\/de\/landschapsbeheer\/hunter\/\">\n\t\t\t\t\t<div class=\"elementor-cta__bg-wrapper\">\n\t\t\t\t<div class=\"elementor-cta__bg elementor-bg\" style=\"background-image: url(https:\/\/wellink-equipment.com\/wp-content\/uploads\/2023\/10\/Hunter-1.png);\" role=\"img\" aria-label=\"Hunter\"><\/div>\n\t\t\t\t<div class=\"elementor-cta__bg-overlay\"><\/div>\n\t\t\t<\/div>\n\t\t\t\t\t\t\t<div class=\"elementor-cta__content\">\n\t\t\t\t\n\t\t\t\t\t\t\t\t\t<h2 class=\"elementor-cta__title elementor-cta__content-item elementor-content-item\">\n\t\t\t\t\t\tFellFlex\t\t\t\t\t<\/h2>\n\t\t\t\t\n\t\t\t\t\t\t\t\t\t<div class=\"elementor-cta__description elementor-cta__content-item elementor-content-item\">\n\t\t\t\t\t\t<br><br>Baujahr: 2021\u20132022 <br> \nVerschiedene FellFlex-Modelle auf Lager\t\t\t\t\t<\/div>\n\t\t\t\t\n\t\t\t\t\t\t\t\t\t<div class=\"elementor-cta__button-wrapper elementor-cta__content-item elementor-content-item\">\n\t\t\t\t\t<span class=\"elementor-cta__button elementor-button elementor-size-\">\n\t\t\t\t\t\tHier die PDF mit weiteren Informationen zur Maschine herunterladen <br><br>\t\t\t\t\t<\/span>\n\t\t\t\t\t<\/div>\n\t\t\t\t\t\t\t<\/div>\n\t\t\t\t\t\t<\/a>\n\t\t\t\t\t\t<\/div>\n\t\t\t\t<\/div>\n\t\t\t\t<\/div>\n\t\t<div class=\"elementor-element elementor-element-c4fc04c e-con-full e-flex e-con e-child\" data-id=\"c4fc04c\" data-element_type=\"container\" data-e-type=\"container\">\n\t\t\t\t<div class=\"elementor-element elementor-element-52fc706 elementor-cta--skin-classic elementor-animated-content elementor-bg-transform elementor-bg-transform-zoom-in elementor-widget elementor-widget-call-to-action\" data-id=\"52fc706\" data-element_type=\"widget\" data-e-type=\"widget\" data-widget_type=\"call-to-action.default\">\n\t\t\t\t<div class=\"elementor-widget-container\">\n\t\t\t\t\t\t\t<a class=\"elementor-cta\" href=\"https:\/\/wellink-equipment.com\/wp-content\/uploads\/2025\/10\/Pistenbully-NL-ENG-DE-FR.pdf\">\n\t\t\t\t\t<div class=\"elementor-cta__bg-wrapper\">\n\t\t\t\t<div class=\"elementor-cta__bg elementor-bg\" style=\"background-image: url(https:\/\/wellink-equipment.com\/wp-content\/uploads\/2025\/10\/kassbohrer-pistenbully-p-300w843ce6c4.webp);\" role=\"img\" aria-label=\"kassbohrer-pistenbully-p-300w,843ce6c4\"><\/div>\n\t\t\t\t<div class=\"elementor-cta__bg-overlay\"><\/div>\n\t\t\t<\/div>\n\t\t\t\t\t\t\t<div class=\"elementor-cta__content\">\n\t\t\t\t\n\t\t\t\t\t\t\t\t\t<h2 class=\"elementor-cta__title elementor-cta__content-item elementor-content-item\">\n\t\t\t\t\t\tPistenbully\t\t\t\t\t<\/h2>\n\t\t\t\t\n\t\t\t\t\t\t\t\t\t<div class=\"elementor-cta__description elementor-cta__content-item elementor-content-item\">\n\t\t\t\t\t\t<br><br>Baujahr: 2000 <br>\nBetriebsstunden: 7.995 Stunden\n\t\t\t\t\t<\/div>\n\t\t\t\t\n\t\t\t\t\t\t\t\t\t<div class=\"elementor-cta__button-wrapper elementor-cta__content-item elementor-content-item\">\n\t\t\t\t\t<span class=\"elementor-cta__button elementor-button elementor-size-\">\n\t\t\t\t\t\tHier die PDF mit weiteren Informationen zur Maschine herunterladen. NL S.1, ENG S.7, DE S.13, FR S.19\t\t\t\t\t<\/span>\n\t\t\t\t\t<\/div>\n\t\t\t\t\t\t\t<\/div>\n\t\t\t\t\t\t<\/a>\n\t\t\t\t\t\t<\/div>\n\t\t\t\t<\/div>\n\t\t\t\t<\/div>\n\t\t\t\t\t<\/div>\n\t\t\t\t<\/div>\n\t\t\t\t<\/div>","protected":false},"excerpt":{"rendered":"<p>Meer informatie nodig? Ons verkoopteam staat u graag te woord! +31 (0) 544 &#8211; 769009 Plan een afspraak in Gebruikt materieel Hieronder staat een overzicht van onze gebruikte machines met de link naar een PDF met machine specifieke informatie en de webpagina van deze machine voor meer algemene informatie. Voor informatie over onze gebruikte machines [&hellip;]<\/p>\n","protected":false},"author":2,"featured_media":0,"parent":0,"menu_order":18,"comment_status":"closed","ping_status":"closed","template":"elementor_header_footer","meta":{"footnotes":""},"class_list":["post-82","page","type-page","status-publish","hentry"],"yoast_head":"<!-- This site is optimized with the Yoast SEO plugin v27.1.1 - https:\/\/yoast.com\/product\/yoast-seo-wordpress\/ -->\n<title>Gebruikt materieel - Wellink Equipment<\/title>\n<meta name=\"robots\" content=\"index, follow, max-snippet:-1, max-image-preview:large, max-video-preview:-1\" \/>\n<link rel=\"canonical\" href=\"https:\/\/wellink-equipment.com\/de\/gebruikt-materieel\/\" \/>\n<meta property=\"og:locale\" content=\"de_DE\" \/>\n<meta property=\"og:type\" content=\"article\" \/>\n<meta property=\"og:title\" content=\"Gebruikt materieel - Wellink Equipment\" \/>\n<meta property=\"og:description\" content=\"Meer informatie nodig? Ons verkoopteam staat u graag te woord! +31 (0) 544 &#8211; 769009 Plan een afspraak in Gebruikt materieel Hieronder staat een overzicht van onze gebruikte machines met de link naar een PDF met machine specifieke informatie en de webpagina van deze machine voor meer algemene informatie. Voor informatie over onze gebruikte machines [&hellip;]\" \/>\n<meta property=\"og:url\" content=\"https:\/\/wellink-equipment.com\/de\/gebruikt-materieel\/\" \/>\n<meta property=\"og:site_name\" content=\"Wellink Equipment\" \/>\n<meta property=\"article:modified_time\" content=\"2026-01-20T10:06:17+00:00\" \/>\n<meta property=\"og:image\" content=\"https:\/\/wellink-equipment.com\/wp-content\/uploads\/2025\/02\/mascus_black_orangeDot11.png\" \/>\n\t<meta property=\"og:image:width\" content=\"1024\" \/>\n\t<meta property=\"og:image:height\" content=\"266\" \/>\n\t<meta property=\"og:image:type\" content=\"image\/png\" \/>\n<meta name=\"twitter:card\" content=\"summary_large_image\" \/>\n<meta name=\"twitter:label1\" content=\"Gesch\u00e4tzte Lesezeit\" \/>\n\t<meta name=\"twitter:data1\" content=\"1\u00a0Minute\" \/>\n<script type=\"application\/ld+json\" class=\"yoast-schema-graph\">{\"@context\":\"https:\/\/schema.org\",\"@graph\":[{\"@type\":\"WebPage\",\"@id\":\"https:\/\/wellink-equipment.com\/gebruikt-materieel\/\",\"url\":\"https:\/\/wellink-equipment.com\/gebruikt-materieel\/\",\"name\":\"Gebruikt materieel - Wellink Equipment\",\"isPartOf\":{\"@id\":\"https:\/\/wellink-equipment.com\/#website\"},\"primaryImageOfPage\":{\"@id\":\"https:\/\/wellink-equipment.com\/gebruikt-materieel\/#primaryimage\"},\"image\":{\"@id\":\"https:\/\/wellink-equipment.com\/gebruikt-materieel\/#primaryimage\"},\"thumbnailUrl\":\"https:\/\/wellink-equipment.com\/wp-content\/uploads\/2025\/02\/mascus_black_orangeDot11.png\",\"datePublished\":\"2023-10-23T09:00:32+00:00\",\"dateModified\":\"2026-01-20T10:06:17+00:00\",\"breadcrumb\":{\"@id\":\"https:\/\/wellink-equipment.com\/gebruikt-materieel\/#breadcrumb\"},\"inLanguage\":\"de\",\"potentialAction\":[{\"@type\":\"ReadAction\",\"target\":[\"https:\/\/wellink-equipment.com\/gebruikt-materieel\/\"]}]},{\"@type\":\"ImageObject\",\"inLanguage\":\"de\",\"@id\":\"https:\/\/wellink-equipment.com\/gebruikt-materieel\/#primaryimage\",\"url\":\"https:\/\/wellink-equipment.com\/wp-content\/uploads\/2025\/02\/mascus_black_orangeDot11.png\",\"contentUrl\":\"https:\/\/wellink-equipment.com\/wp-content\/uploads\/2025\/02\/mascus_black_orangeDot11.png\"},{\"@type\":\"BreadcrumbList\",\"@id\":\"https:\/\/wellink-equipment.com\/gebruikt-materieel\/#breadcrumb\",\"itemListElement\":[{\"@type\":\"ListItem\",\"position\":1,\"name\":\"Home\",\"item\":\"https:\/\/wellink-equipment.com\/\"},{\"@type\":\"ListItem\",\"position\":2,\"name\":\"Gebruikt materieel\"}]},{\"@type\":\"WebSite\",\"@id\":\"https:\/\/wellink-equipment.com\/#website\",\"url\":\"https:\/\/wellink-equipment.com\/\",\"name\":\"Wellink Machines\",\"description\":\"\",\"publisher\":{\"@id\":\"https:\/\/wellink-equipment.com\/#organization\"},\"potentialAction\":[{\"@type\":\"SearchAction\",\"target\":{\"@type\":\"EntryPoint\",\"urlTemplate\":\"https:\/\/wellink-equipment.com\/?s={search_term_string}\"},\"query-input\":{\"@type\":\"PropertyValueSpecification\",\"valueRequired\":true,\"valueName\":\"search_term_string\"}}],\"inLanguage\":\"de\"},{\"@type\":\"Organization\",\"@id\":\"https:\/\/wellink-equipment.com\/#organization\",\"name\":\"Wellink Machines\",\"url\":\"https:\/\/wellink-equipment.com\/\",\"logo\":{\"@type\":\"ImageObject\",\"inLanguage\":\"de\",\"@id\":\"https:\/\/wellink-equipment.com\/#\/schema\/logo\/image\/\",\"url\":\"https:\/\/wellink-equipment.com\/wp-content\/uploads\/2023\/10\/Wellink-logo.png\",\"contentUrl\":\"https:\/\/wellink-equipment.com\/wp-content\/uploads\/2023\/10\/Wellink-logo.png\",\"width\":227,\"height\":62,\"caption\":\"Wellink Machines\"},\"image\":{\"@id\":\"https:\/\/wellink-equipment.com\/#\/schema\/logo\/image\/\"}}]}<\/script>\n<!-- \/ Yoast SEO plugin. -->","yoast_head_json":{"title":"Gebruikt materieel - Wellink Equipment","robots":{"index":"index","follow":"follow","max-snippet":"max-snippet:-1","max-image-preview":"max-image-preview:large","max-video-preview":"max-video-preview:-1"},"canonical":"https:\/\/wellink-equipment.com\/de\/gebruikt-materieel\/","og_locale":"de_DE","og_type":"article","og_title":"Gebruikt materieel - Wellink Equipment","og_description":"Meer informatie nodig? Ons verkoopteam staat u graag te woord! +31 (0) 544 &#8211; 769009 Plan een afspraak in Gebruikt materieel Hieronder staat een overzicht van onze gebruikte machines met de link naar een PDF met machine specifieke informatie en de webpagina van deze machine voor meer algemene informatie. Voor informatie over onze gebruikte machines [&hellip;]","og_url":"https:\/\/wellink-equipment.com\/de\/gebruikt-materieel\/","og_site_name":"Wellink Equipment","article_modified_time":"2026-01-20T10:06:17+00:00","og_image":[{"width":1024,"height":266,"url":"https:\/\/wellink-equipment.com\/wp-content\/uploads\/2025\/02\/mascus_black_orangeDot11.png","type":"image\/png"}],"twitter_card":"summary_large_image","twitter_misc":{"Gesch\u00e4tzte Lesezeit":"1\u00a0Minute"},"schema":{"@context":"https:\/\/schema.org","@graph":[{"@type":"WebPage","@id":"https:\/\/wellink-equipment.com\/gebruikt-materieel\/","url":"https:\/\/wellink-equipment.com\/gebruikt-materieel\/","name":"Gebruikt materieel - Wellink Equipment","isPartOf":{"@id":"https:\/\/wellink-equipment.com\/#website"},"primaryImageOfPage":{"@id":"https:\/\/wellink-equipment.com\/gebruikt-materieel\/#primaryimage"},"image":{"@id":"https:\/\/wellink-equipment.com\/gebruikt-materieel\/#primaryimage"},"thumbnailUrl":"https:\/\/wellink-equipment.com\/wp-content\/uploads\/2025\/02\/mascus_black_orangeDot11.png","datePublished":"2023-10-23T09:00:32+00:00","dateModified":"2026-01-20T10:06:17+00:00","breadcrumb":{"@id":"https:\/\/wellink-equipment.com\/gebruikt-materieel\/#breadcrumb"},"inLanguage":"de","potentialAction":[{"@type":"ReadAction","target":["https:\/\/wellink-equipment.com\/gebruikt-materieel\/"]}]},{"@type":"ImageObject","inLanguage":"de","@id":"https:\/\/wellink-equipment.com\/gebruikt-materieel\/#primaryimage","url":"https:\/\/wellink-equipment.com\/wp-content\/uploads\/2025\/02\/mascus_black_orangeDot11.png","contentUrl":"https:\/\/wellink-equipment.com\/wp-content\/uploads\/2025\/02\/mascus_black_orangeDot11.png"},{"@type":"BreadcrumbList","@id":"https:\/\/wellink-equipment.com\/gebruikt-materieel\/#breadcrumb","itemListElement":[{"@type":"ListItem","position":1,"name":"Home","item":"https:\/\/wellink-equipment.com\/"},{"@type":"ListItem","position":2,"name":"Gebruikt materieel"}]},{"@type":"WebSite","@id":"https:\/\/wellink-equipment.com\/#website","url":"https:\/\/wellink-equipment.com\/","name":"Wellink Machines","description":"","publisher":{"@id":"https:\/\/wellink-equipment.com\/#organization"},"potentialAction":[{"@type":"SearchAction","target":{"@type":"EntryPoint","urlTemplate":"https:\/\/wellink-equipment.com\/?s={search_term_string}"},"query-input":{"@type":"PropertyValueSpecification","valueRequired":true,"valueName":"search_term_string"}}],"inLanguage":"de"},{"@type":"Organization","@id":"https:\/\/wellink-equipment.com\/#organization","name":"Wellink Machines","url":"https:\/\/wellink-equipment.com\/","logo":{"@type":"ImageObject","inLanguage":"de","@id":"https:\/\/wellink-equipment.com\/#\/schema\/logo\/image\/","url":"https:\/\/wellink-equipment.com\/wp-content\/uploads\/2023\/10\/Wellink-logo.png","contentUrl":"https:\/\/wellink-equipment.com\/wp-content\/uploads\/2023\/10\/Wellink-logo.png","width":227,"height":62,"caption":"Wellink Machines"},"image":{"@id":"https:\/\/wellink-equipment.com\/#\/schema\/logo\/image\/"}}]}},"_links":{"self":[{"href":"https:\/\/wellink-equipment.com\/de\/wp-json\/wp\/v2\/pages\/82","targetHints":{"allow":["GET"]}}],"collection":[{"href":"https:\/\/wellink-equipment.com\/de\/wp-json\/wp\/v2\/pages"}],"about":[{"href":"https:\/\/wellink-equipment.com\/de\/wp-json\/wp\/v2\/types\/page"}],"author":[{"embeddable":true,"href":"https:\/\/wellink-equipment.com\/de\/wp-json\/wp\/v2\/users\/2"}],"replies":[{"embeddable":true,"href":"https:\/\/wellink-equipment.com\/de\/wp-json\/wp\/v2\/comments?post=82"}],"version-history":[{"count":81,"href":"https:\/\/wellink-equipment.com\/de\/wp-json\/wp\/v2\/pages\/82\/revisions"}],"predecessor-version":[{"id":11166,"href":"https:\/\/wellink-equipment.com\/de\/wp-json\/wp\/v2\/pages\/82\/revisions\/11166"}],"wp:attachment":[{"href":"https:\/\/wellink-equipment.com\/de\/wp-json\/wp\/v2\/media?parent=82"}],"curies":[{"name":"wp","href":"https:\/\/api.w.org\/{rel}","templated":true}]}}