{"id":7161,"date":"2024-07-09T09:59:21","date_gmt":"2024-07-09T09:59:21","guid":{"rendered":"https:\/\/wellinkmachines.com\/?page_id=7161"},"modified":"2024-12-09T14:22:16","modified_gmt":"2024-12-09T14:22:16","slug":"welcoach-business-coaching","status":"publish","type":"page","link":"https:\/\/wellink-equipment.com\/de\/welcoach-business-coaching\/","title":{"rendered":"Welcoach business coaching"},"content":{"rendered":"<div data-elementor-type=\"wp-page\" data-elementor-id=\"7161\" class=\"elementor elementor-7161\" data-elementor-post-type=\"page\">\n\t\t\t\t<div class=\"elementor-element elementor-element-e187ea5 e-flex e-con-boxed e-con e-parent\" data-id=\"e187ea5\" data-element_type=\"container\" data-e-type=\"container\" data-settings=\"{&quot;background_background&quot;:&quot;classic&quot;}\">\n\t\t\t\t\t<div class=\"e-con-inner\">\n\t\t\t\t<div class=\"elementor-element elementor-element-a338019 elementor-widget__width-auto animated-slow elementor-invisible elementor-widget elementor-widget-heading\" data-id=\"a338019\" data-element_type=\"widget\" data-e-type=\"widget\" data-settings=\"{&quot;_animation&quot;:&quot;fadeInLeft&quot;}\" data-widget_type=\"heading.default\">\n\t\t\t\t<div class=\"elementor-widget-container\">\n\t\t\t\t\t<h2 class=\"elementor-heading-title elementor-size-default\">Welcoach<\/h2>\t\t\t\t<\/div>\n\t\t\t\t<\/div>\n\t\t\t\t<div class=\"elementor-element elementor-element-a08d89c elementor-widget__width-auto animated-slow elementor-invisible elementor-widget elementor-widget-heading\" data-id=\"a08d89c\" data-element_type=\"widget\" data-e-type=\"widget\" data-settings=\"{&quot;_animation&quot;:&quot;fadeInLeft&quot;,&quot;_animation_delay&quot;:500}\" data-widget_type=\"heading.default\">\n\t\t\t\t<div class=\"elementor-widget-container\">\n\t\t\t\t\t<h2 class=\"elementor-heading-title elementor-size-default\"><strong>business coaching<\/strong><\/h2>\t\t\t\t<\/div>\n\t\t\t\t<\/div>\n\t\t\t\t<div class=\"elementor-element elementor-element-ffbf5bf elementor-widget elementor-widget-spacer\" data-id=\"ffbf5bf\" data-element_type=\"widget\" data-e-type=\"widget\" data-widget_type=\"spacer.default\">\n\t\t\t\t<div class=\"elementor-widget-container\">\n\t\t\t\t\t\t\t<div class=\"elementor-spacer\">\n\t\t\t<div class=\"elementor-spacer-inner\"><\/div>\n\t\t<\/div>\n\t\t\t\t\t\t<\/div>\n\t\t\t\t<\/div>\n\t\t\t\t\t<\/div>\n\t\t\t\t<\/div>\n\t\t<div class=\"elementor-element elementor-element-628c7cd e-flex e-con-boxed e-con e-parent\" data-id=\"628c7cd\" data-element_type=\"container\" data-e-type=\"container\">\n\t\t\t\t\t<div class=\"e-con-inner\">\n\t\t<div class=\"elementor-element elementor-element-b74da93 e-con-full e-flex e-con e-child\" data-id=\"b74da93\" data-element_type=\"container\" data-e-type=\"container\">\n\t\t\t\t<div class=\"elementor-element elementor-element-0849d1b elementor-widget elementor-widget-text-editor\" data-id=\"0849d1b\" data-element_type=\"widget\" data-e-type=\"widget\" data-widget_type=\"text-editor.default\">\n\t\t\t\t<div class=\"elementor-widget-container\">\n\t\t\t\t\t\t\t\t\t<p>Wellink ist ein Unternehmen mit Fachwissen in der Maschinenwartung und hat sich zum Ziel gesetzt, die Betriebskosten von Maschinen zu senken.<\/p>\n<p class=\" translation-block\">Kostensenkung bei Wartung kann insbesondere durch die Anwendung der Condition Based Maintenance (CBM) Wartungsstrategie erreicht werden. CBM bedeutet den Wechsel von (teurer) regelm\u00e4\u00dfiger Wartung zu effizienter Wartung basierend auf der 'analysierten Notwendigkeit'. Das bedeutet, dass die Wartung einer Maschine nicht strikt auf Betriebsstunden basiert, sondern auf dem gemessenen Verbrauch (Abnutzung\/Verschmutzung) von z.B. Schmier\u00f6l, Hydraulik\u00f6l und -filtern (Luft\/\u00d6l\/Kraftstoff).<\/p>\n<p>Die Vorteile f\u00fcr Maschinenbesitzer davon sind:<\/p>\n<ul>\n<li class=\" translation-block\">Weniger Ausfallzeiten, mehr 'Uptime' (verkaufbare Stunden) der Maschinen, Einfluss auf die Wartungskosten mit dem Ziel, Kosten um bis zu 70% zu sparen!<\/li>\n<li>L\u00e4ngere Lebensdauer von Maschinenkomponenten<\/li>\n<li>Weniger Materialverbrauch, also ein Beitrag zum Umweltschutz.<\/li>\n<li>Aufbau der Maschinenhistorie, die bei Garantiefragen mit Lieferant\/Hersteller verwendet werden kann und einen wesentlichen Beitrag beim Verkauf der Maschine leistet.<\/li>\n<li>Effizientere Nutzung des Maschinenf\u00fchrers, kein Zeitverlust durch St\u00f6rungen<\/li>\n<li>\u00dcbersicht \u00fcber die Besitz- und Nutzungskosten, Einsicht in die tats\u00e4chlichen Produktionskosten und Kapazit\u00e4ten der Maschine<\/li>\n<\/ul>\t\t\t\t\t\t\t\t<\/div>\n\t\t\t\t<\/div>\n\t\t\t\t<\/div>\n\t\t<div class=\"elementor-element elementor-element-906ca90 e-con-full e-flex e-con e-child\" data-id=\"906ca90\" data-element_type=\"container\" data-e-type=\"container\">\n\t\t\t\t<div class=\"elementor-element elementor-element-3e839ef elementor-widget elementor-widget-image\" data-id=\"3e839ef\" data-element_type=\"widget\" data-e-type=\"widget\" data-widget_type=\"image.default\">\n\t\t\t\t<div class=\"elementor-widget-container\">\n\t\t\t\t\t\t\t\t\t\t\t\t\t\t\t<img fetchpriority=\"high\" decoding=\"async\" width=\"800\" height=\"360\" src=\"https:\/\/wellink-equipment.com\/wp-content\/uploads\/2024\/06\/Skidsteer-Proinoth-Wellink3-1024x461.webp\" class=\"attachment-large size-large wp-image-6405\" alt=\"\" srcset=\"https:\/\/wellink-equipment.com\/wp-content\/uploads\/2024\/06\/Skidsteer-Proinoth-Wellink3-1024x461.webp 1024w, https:\/\/wellink-equipment.com\/wp-content\/uploads\/2024\/06\/Skidsteer-Proinoth-Wellink3-300x135.webp 300w, https:\/\/wellink-equipment.com\/wp-content\/uploads\/2024\/06\/Skidsteer-Proinoth-Wellink3-768x346.webp 768w, https:\/\/wellink-equipment.com\/wp-content\/uploads\/2024\/06\/Skidsteer-Proinoth-Wellink3-1536x691.webp 1536w, https:\/\/wellink-equipment.com\/wp-content\/uploads\/2024\/06\/Skidsteer-Proinoth-Wellink3.webp 1600w\" sizes=\"(max-width: 800px) 100vw, 800px\" \/>\t\t\t\t\t\t\t\t\t\t\t\t\t\t\t<\/div>\n\t\t\t\t<\/div>\n\t\t\t\t<\/div>\n\t\t\t\t\t<\/div>\n\t\t\t\t<\/div>\n\t\t\t\t<\/div>","protected":false},"excerpt":{"rendered":"<p>Welcoach business coaching Wellink is een organisatie met kennis van machineonderhoud en heeft zich als doel gesteld de gebruikerskosten van machines te verlagen. Onderhoudskosten verlaging kan men met name bereiken door toepassing van Condition Based Maintenance (CBM) machine onderhoudsstrategie.CBM betekent de omschakeling van (duur) periodiek onderhoud naar effici\u00ebnt onderhoud op basis van de \u201cgeanalyseerde noodzakelijkheid\u201d.Oftewel [&hellip;]<\/p>\n","protected":false},"author":2,"featured_media":0,"parent":0,"menu_order":0,"comment_status":"closed","ping_status":"closed","template":"elementor_header_footer","meta":{"footnotes":""},"class_list":["post-7161","page","type-page","status-publish","hentry"],"yoast_head":"<!-- This site is optimized with the Yoast SEO plugin v27.1.1 - https:\/\/yoast.com\/product\/yoast-seo-wordpress\/ -->\n<title>Welcoach business coaching - Wellink Equipment<\/title>\n<meta name=\"robots\" content=\"index, follow, max-snippet:-1, max-image-preview:large, max-video-preview:-1\" \/>\n<link rel=\"canonical\" href=\"https:\/\/wellink-equipment.com\/de\/welcoach-business-coaching\/\" \/>\n<meta property=\"og:locale\" content=\"de_DE\" \/>\n<meta property=\"og:type\" content=\"article\" \/>\n<meta property=\"og:title\" content=\"Welcoach business coaching - Wellink Equipment\" \/>\n<meta property=\"og:description\" content=\"Welcoach business coaching Wellink is een organisatie met kennis van machineonderhoud en heeft zich als doel gesteld de gebruikerskosten van machines te verlagen. Onderhoudskosten verlaging kan men met name bereiken door toepassing van Condition Based Maintenance (CBM) machine onderhoudsstrategie.CBM betekent de omschakeling van (duur) periodiek onderhoud naar effici\u00ebnt onderhoud op basis van de \u201cgeanalyseerde noodzakelijkheid\u201d.Oftewel [&hellip;]\" \/>\n<meta property=\"og:url\" content=\"https:\/\/wellink-equipment.com\/de\/welcoach-business-coaching\/\" \/>\n<meta property=\"og:site_name\" content=\"Wellink Equipment\" \/>\n<meta property=\"article:modified_time\" content=\"2024-12-09T14:22:16+00:00\" \/>\n<meta property=\"og:image\" content=\"https:\/\/wellink-equipment.com\/wp-content\/uploads\/2024\/06\/Skidsteer-Proinoth-Wellink3.webp\" \/>\n\t<meta property=\"og:image:width\" content=\"1600\" \/>\n\t<meta property=\"og:image:height\" content=\"720\" \/>\n\t<meta property=\"og:image:type\" content=\"image\/webp\" \/>\n<meta name=\"twitter:card\" content=\"summary_large_image\" \/>\n<meta name=\"twitter:label1\" content=\"Gesch\u00e4tzte Lesezeit\" \/>\n\t<meta name=\"twitter:data1\" content=\"1\u00a0Minute\" \/>\n<script type=\"application\/ld+json\" class=\"yoast-schema-graph\">{\"@context\":\"https:\/\/schema.org\",\"@graph\":[{\"@type\":\"WebPage\",\"@id\":\"https:\/\/wellink-equipment.com\/welcoach-business-coaching\/\",\"url\":\"https:\/\/wellink-equipment.com\/welcoach-business-coaching\/\",\"name\":\"Welcoach business coaching - Wellink Equipment\",\"isPartOf\":{\"@id\":\"https:\/\/wellink-equipment.com\/#website\"},\"primaryImageOfPage\":{\"@id\":\"https:\/\/wellink-equipment.com\/welcoach-business-coaching\/#primaryimage\"},\"image\":{\"@id\":\"https:\/\/wellink-equipment.com\/welcoach-business-coaching\/#primaryimage\"},\"thumbnailUrl\":\"https:\/\/wellink-equipment.com\/wp-content\/uploads\/2024\/06\/Skidsteer-Proinoth-Wellink3-1024x461.webp\",\"datePublished\":\"2024-07-09T09:59:21+00:00\",\"dateModified\":\"2024-12-09T14:22:16+00:00\",\"breadcrumb\":{\"@id\":\"https:\/\/wellink-equipment.com\/welcoach-business-coaching\/#breadcrumb\"},\"inLanguage\":\"de\",\"potentialAction\":[{\"@type\":\"ReadAction\",\"target\":[\"https:\/\/wellink-equipment.com\/welcoach-business-coaching\/\"]}]},{\"@type\":\"ImageObject\",\"inLanguage\":\"de\",\"@id\":\"https:\/\/wellink-equipment.com\/welcoach-business-coaching\/#primaryimage\",\"url\":\"https:\/\/wellink-equipment.com\/wp-content\/uploads\/2024\/06\/Skidsteer-Proinoth-Wellink3-1024x461.webp\",\"contentUrl\":\"https:\/\/wellink-equipment.com\/wp-content\/uploads\/2024\/06\/Skidsteer-Proinoth-Wellink3-1024x461.webp\"},{\"@type\":\"BreadcrumbList\",\"@id\":\"https:\/\/wellink-equipment.com\/welcoach-business-coaching\/#breadcrumb\",\"itemListElement\":[{\"@type\":\"ListItem\",\"position\":1,\"name\":\"Home\",\"item\":\"https:\/\/wellink-equipment.com\/\"},{\"@type\":\"ListItem\",\"position\":2,\"name\":\"Welcoach business coaching\"}]},{\"@type\":\"WebSite\",\"@id\":\"https:\/\/wellink-equipment.com\/#website\",\"url\":\"https:\/\/wellink-equipment.com\/\",\"name\":\"Wellink Machines\",\"description\":\"\",\"publisher\":{\"@id\":\"https:\/\/wellink-equipment.com\/#organization\"},\"potentialAction\":[{\"@type\":\"SearchAction\",\"target\":{\"@type\":\"EntryPoint\",\"urlTemplate\":\"https:\/\/wellink-equipment.com\/?s={search_term_string}\"},\"query-input\":{\"@type\":\"PropertyValueSpecification\",\"valueRequired\":true,\"valueName\":\"search_term_string\"}}],\"inLanguage\":\"de\"},{\"@type\":\"Organization\",\"@id\":\"https:\/\/wellink-equipment.com\/#organization\",\"name\":\"Wellink Machines\",\"url\":\"https:\/\/wellink-equipment.com\/\",\"logo\":{\"@type\":\"ImageObject\",\"inLanguage\":\"de\",\"@id\":\"https:\/\/wellink-equipment.com\/#\/schema\/logo\/image\/\",\"url\":\"https:\/\/wellink-equipment.com\/wp-content\/uploads\/2023\/10\/Wellink-logo.png\",\"contentUrl\":\"https:\/\/wellink-equipment.com\/wp-content\/uploads\/2023\/10\/Wellink-logo.png\",\"width\":227,\"height\":62,\"caption\":\"Wellink Machines\"},\"image\":{\"@id\":\"https:\/\/wellink-equipment.com\/#\/schema\/logo\/image\/\"}}]}<\/script>\n<!-- \/ Yoast SEO plugin. -->","yoast_head_json":{"title":"Welcoach business coaching - Wellink Equipment","robots":{"index":"index","follow":"follow","max-snippet":"max-snippet:-1","max-image-preview":"max-image-preview:large","max-video-preview":"max-video-preview:-1"},"canonical":"https:\/\/wellink-equipment.com\/de\/welcoach-business-coaching\/","og_locale":"de_DE","og_type":"article","og_title":"Welcoach business coaching - Wellink Equipment","og_description":"Welcoach business coaching Wellink is een organisatie met kennis van machineonderhoud en heeft zich als doel gesteld de gebruikerskosten van machines te verlagen. Onderhoudskosten verlaging kan men met name bereiken door toepassing van Condition Based Maintenance (CBM) machine onderhoudsstrategie.CBM betekent de omschakeling van (duur) periodiek onderhoud naar effici\u00ebnt onderhoud op basis van de \u201cgeanalyseerde noodzakelijkheid\u201d.Oftewel [&hellip;]","og_url":"https:\/\/wellink-equipment.com\/de\/welcoach-business-coaching\/","og_site_name":"Wellink Equipment","article_modified_time":"2024-12-09T14:22:16+00:00","og_image":[{"width":1600,"height":720,"url":"https:\/\/wellink-equipment.com\/wp-content\/uploads\/2024\/06\/Skidsteer-Proinoth-Wellink3.webp","type":"image\/webp"}],"twitter_card":"summary_large_image","twitter_misc":{"Gesch\u00e4tzte Lesezeit":"1\u00a0Minute"},"schema":{"@context":"https:\/\/schema.org","@graph":[{"@type":"WebPage","@id":"https:\/\/wellink-equipment.com\/welcoach-business-coaching\/","url":"https:\/\/wellink-equipment.com\/welcoach-business-coaching\/","name":"Welcoach business coaching - Wellink Equipment","isPartOf":{"@id":"https:\/\/wellink-equipment.com\/#website"},"primaryImageOfPage":{"@id":"https:\/\/wellink-equipment.com\/welcoach-business-coaching\/#primaryimage"},"image":{"@id":"https:\/\/wellink-equipment.com\/welcoach-business-coaching\/#primaryimage"},"thumbnailUrl":"https:\/\/wellink-equipment.com\/wp-content\/uploads\/2024\/06\/Skidsteer-Proinoth-Wellink3-1024x461.webp","datePublished":"2024-07-09T09:59:21+00:00","dateModified":"2024-12-09T14:22:16+00:00","breadcrumb":{"@id":"https:\/\/wellink-equipment.com\/welcoach-business-coaching\/#breadcrumb"},"inLanguage":"de","potentialAction":[{"@type":"ReadAction","target":["https:\/\/wellink-equipment.com\/welcoach-business-coaching\/"]}]},{"@type":"ImageObject","inLanguage":"de","@id":"https:\/\/wellink-equipment.com\/welcoach-business-coaching\/#primaryimage","url":"https:\/\/wellink-equipment.com\/wp-content\/uploads\/2024\/06\/Skidsteer-Proinoth-Wellink3-1024x461.webp","contentUrl":"https:\/\/wellink-equipment.com\/wp-content\/uploads\/2024\/06\/Skidsteer-Proinoth-Wellink3-1024x461.webp"},{"@type":"BreadcrumbList","@id":"https:\/\/wellink-equipment.com\/welcoach-business-coaching\/#breadcrumb","itemListElement":[{"@type":"ListItem","position":1,"name":"Home","item":"https:\/\/wellink-equipment.com\/"},{"@type":"ListItem","position":2,"name":"Welcoach business coaching"}]},{"@type":"WebSite","@id":"https:\/\/wellink-equipment.com\/#website","url":"https:\/\/wellink-equipment.com\/","name":"Wellink Machines","description":"","publisher":{"@id":"https:\/\/wellink-equipment.com\/#organization"},"potentialAction":[{"@type":"SearchAction","target":{"@type":"EntryPoint","urlTemplate":"https:\/\/wellink-equipment.com\/?s={search_term_string}"},"query-input":{"@type":"PropertyValueSpecification","valueRequired":true,"valueName":"search_term_string"}}],"inLanguage":"de"},{"@type":"Organization","@id":"https:\/\/wellink-equipment.com\/#organization","name":"Wellink Machines","url":"https:\/\/wellink-equipment.com\/","logo":{"@type":"ImageObject","inLanguage":"de","@id":"https:\/\/wellink-equipment.com\/#\/schema\/logo\/image\/","url":"https:\/\/wellink-equipment.com\/wp-content\/uploads\/2023\/10\/Wellink-logo.png","contentUrl":"https:\/\/wellink-equipment.com\/wp-content\/uploads\/2023\/10\/Wellink-logo.png","width":227,"height":62,"caption":"Wellink Machines"},"image":{"@id":"https:\/\/wellink-equipment.com\/#\/schema\/logo\/image\/"}}]}},"_links":{"self":[{"href":"https:\/\/wellink-equipment.com\/de\/wp-json\/wp\/v2\/pages\/7161","targetHints":{"allow":["GET"]}}],"collection":[{"href":"https:\/\/wellink-equipment.com\/de\/wp-json\/wp\/v2\/pages"}],"about":[{"href":"https:\/\/wellink-equipment.com\/de\/wp-json\/wp\/v2\/types\/page"}],"author":[{"embeddable":true,"href":"https:\/\/wellink-equipment.com\/de\/wp-json\/wp\/v2\/users\/2"}],"replies":[{"embeddable":true,"href":"https:\/\/wellink-equipment.com\/de\/wp-json\/wp\/v2\/comments?post=7161"}],"version-history":[{"count":19,"href":"https:\/\/wellink-equipment.com\/de\/wp-json\/wp\/v2\/pages\/7161\/revisions"}],"predecessor-version":[{"id":9712,"href":"https:\/\/wellink-equipment.com\/de\/wp-json\/wp\/v2\/pages\/7161\/revisions\/9712"}],"wp:attachment":[{"href":"https:\/\/wellink-equipment.com\/de\/wp-json\/wp\/v2\/media?parent=7161"}],"curies":[{"name":"wp","href":"https:\/\/api.w.org\/{rel}","templated":true}]}}