{"id":70,"date":"2023-10-23T08:59:25","date_gmt":"2023-10-23T08:59:25","guid":{"rendered":"https:\/\/wellink.213-249-69-210.plesk.page\/?page_id=70"},"modified":"2025-12-15T09:54:47","modified_gmt":"2025-12-15T09:54:47","slug":"wetland","status":"publish","type":"page","link":"https:\/\/wellink-equipment.com\/de\/wetland\/","title":{"rendered":"Feuchtgebiet"},"content":{"rendered":"<div data-elementor-type=\"wp-page\" data-elementor-id=\"70\" class=\"elementor elementor-70\" data-elementor-post-type=\"page\">\n\t\t\t\t<div class=\"elementor-element elementor-element-6d6c972 e-flex e-con-boxed e-con e-parent\" data-id=\"6d6c972\" data-element_type=\"container\" data-e-type=\"container\" data-settings=\"{&quot;background_background&quot;:&quot;classic&quot;}\">\n\t\t\t\t\t<div class=\"e-con-inner\">\n\t\t\t\t<div class=\"elementor-element elementor-element-f35dad9 elementor-widget__width-auto animated-slow elementor-invisible elementor-widget elementor-widget-heading\" data-id=\"f35dad9\" data-element_type=\"widget\" data-e-type=\"widget\" data-settings=\"{&quot;_animation&quot;:&quot;fadeInLeft&quot;}\" data-widget_type=\"heading.default\">\n\t\t\t\t<div class=\"elementor-widget-container\">\n\t\t\t\t\t<h2 class=\"elementor-heading-title elementor-size-default\">Wetland Maschinen<\/h2>\t\t\t\t<\/div>\n\t\t\t\t<\/div>\n\t\t\t\t<div class=\"elementor-element elementor-element-5deb238 elementor-widget__width-auto animated-slow elementor-invisible elementor-widget elementor-widget-heading\" data-id=\"5deb238\" data-element_type=\"widget\" data-e-type=\"widget\" data-settings=\"{&quot;_animation&quot;:&quot;fadeInLeft&quot;,&quot;_animation_delay&quot;:500}\" data-widget_type=\"heading.default\">\n\t\t\t\t<div class=\"elementor-widget-container\">\n\t\t\t\t\t<h2 class=\"elementor-heading-title elementor-size-default\"><strong>Empfindliche Natur, <\/br>Moor &amp; Torf<\/strong><\/h2>\t\t\t\t<\/div>\n\t\t\t\t<\/div>\n\t\t\t\t<div class=\"elementor-element elementor-element-78d735a elementor-widget elementor-widget-spacer\" data-id=\"78d735a\" data-element_type=\"widget\" data-e-type=\"widget\" data-widget_type=\"spacer.default\">\n\t\t\t\t<div class=\"elementor-widget-container\">\n\t\t\t\t\t\t\t<div class=\"elementor-spacer\">\n\t\t\t<div class=\"elementor-spacer-inner\"><\/div>\n\t\t<\/div>\n\t\t\t\t\t\t<\/div>\n\t\t\t\t<\/div>\n\t\t\t\t\t<\/div>\n\t\t\t\t<\/div>\n\t\t<div class=\"elementor-element elementor-element-5a2e26a e-flex e-con-boxed e-con e-parent\" data-id=\"5a2e26a\" data-element_type=\"container\" data-e-type=\"container\">\n\t\t\t\t\t<div class=\"e-con-inner\">\n\t\t\t\t<div class=\"elementor-element elementor-element-17660fe elementor-widget elementor-widget-heading\" data-id=\"17660fe\" data-element_type=\"widget\" data-e-type=\"widget\" data-widget_type=\"heading.default\">\n\t\t\t\t<div class=\"elementor-widget-container\">\n\t\t\t\t\t<h2 class=\"elementor-heading-title elementor-size-default\"><br><br><br>Wetland Maschinen, speziell f\u00fcr empfindliche Gebiete<\/h2>\t\t\t\t<\/div>\n\t\t\t\t<\/div>\n\t\t\t\t<div class=\"elementor-element elementor-element-d82db72 elementor-widget elementor-widget-text-editor\" data-id=\"d82db72\" data-element_type=\"widget\" data-e-type=\"widget\" data-widget_type=\"text-editor.default\">\n\t\t\t\t<div class=\"elementor-widget-container\">\n\t\t\t\t\t\t\t\t\t<p>Unsere Kettenarbeitsger\u00e4te sind speziell f\u00fcr Feuchtgebiete (Wetlands) entwickelt. Unser Fokus auf Nachhaltigkeit und minimale Auswirkungen auf die Umwelt macht uns attraktiv f\u00fcr Kunden, die in \u00f6kologisch sensiblen und gesch\u00fctzten Feuchtgebieten und Naturschutzgebieten arbeiten. Mit einem Bodendruck ab 75 g\/cm\u00b2 k\u00f6nnen unsere Maschinen arbeiten, ohne signifikante Sch\u00e4den am Boden zu verursachen. Dies steht im krassen Gegensatz zum Bodendruck einer durchschnittlichen Person, der bei etwa 300 g\/cm\u00b2 liegt. Dadurch sind sie besonders geeignet f\u00fcr Umgebungen, in denen herk\u00f6mmliche Maschinen nicht eingesetzt werden k\u00f6nnen. Die Maschinen k\u00f6nnen das ganze Jahr \u00fcber eingesetzt werden, beispielsweise f\u00fcr die Ernte in der Paludikulturen (Feuchtanbau) Biomassebranche.<\/p>\t\t\t\t\t\t\t\t<\/div>\n\t\t\t\t<\/div>\n\t\t\t\t\t<\/div>\n\t\t\t\t<\/div>\n\t\t<div class=\"elementor-element elementor-element-a408907 e-flex e-con-boxed e-con e-parent\" data-id=\"a408907\" data-element_type=\"container\" data-e-type=\"container\">\n\t\t\t\t\t<div class=\"e-con-inner\">\n\t\t<div class=\"elementor-element elementor-element-5c46b75 e-con-full e-flex e-con e-child\" data-id=\"5c46b75\" data-element_type=\"container\" data-e-type=\"container\">\n\t\t\t\t<div class=\"elementor-element elementor-element-be27b08 elementor-cta--skin-classic elementor-animated-content elementor-bg-transform elementor-bg-transform-zoom-in elementor-widget elementor-widget-call-to-action\" data-id=\"be27b08\" data-element_type=\"widget\" data-e-type=\"widget\" data-widget_type=\"call-to-action.default\">\n\t\t\t\t<div class=\"elementor-widget-container\">\n\t\t\t\t\t\t\t<a class=\"elementor-cta\" href=\"https:\/\/wellink-equipment.com\/de\/wetland\/loglogic\/\">\n\t\t\t\t\t<div class=\"elementor-cta__bg-wrapper\">\n\t\t\t\t<div class=\"elementor-cta__bg elementor-bg\" style=\"background-image: url(https:\/\/wellink-equipment.com\/wp-content\/uploads\/2023\/12\/Loglogic-ST-140-6.webp);\" role=\"img\" aria-label=\"Loglogic ST 140-6\"><\/div>\n\t\t\t\t<div class=\"elementor-cta__bg-overlay\"><\/div>\n\t\t\t<\/div>\n\t\t\t\t\t\t\t<div class=\"elementor-cta__content\">\n\t\t\t\t\n\t\t\t\t\t\t\t\t\t<h2 class=\"elementor-cta__title elementor-cta__content-item elementor-content-item\">\n\t\t\t\t\t\t<span style=\"font-size: 54px\">LogLogic<\/span>\t\t\t\t\t<\/h2>\n\t\t\t\t\n\t\t\t\t\t\t\t\t\t<div class=\"elementor-cta__description elementor-cta__content-item elementor-content-item\">\n\t\t\t\t\t\tLogLogic hat eine breite Palette von Maschinen entwickelt, die f\u00fcr den Einsatz in Feuchtgebieten geeignet sind<br><br>\t\t\t\t\t<\/div>\n\t\t\t\t\n\t\t\t\t\t\t\t\t\t<div class=\"elementor-cta__button-wrapper elementor-cta__content-item elementor-content-item\">\n\t\t\t\t\t<span class=\"elementor-cta__button elementor-button elementor-size-\">\n\t\t\t\t\t\tEntdecken Sie hier die M\u00f6glichkeiten\t\t\t\t\t<\/span>\n\t\t\t\t\t<\/div>\n\t\t\t\t\t\t\t<\/div>\n\t\t\t\t\t\t<\/a>\n\t\t\t\t\t\t<\/div>\n\t\t\t\t<\/div>\n\t\t\t\t<\/div>\n\t\t<div class=\"elementor-element elementor-element-e1037a0 e-con-full e-flex e-con e-child\" data-id=\"e1037a0\" data-element_type=\"container\" data-e-type=\"container\">\n\t\t\t\t<div class=\"elementor-element elementor-element-c157e53 elementor-cta--skin-classic elementor-animated-content elementor-bg-transform elementor-bg-transform-zoom-in elementor-widget elementor-widget-call-to-action\" data-id=\"c157e53\" data-element_type=\"widget\" data-e-type=\"widget\" data-widget_type=\"call-to-action.default\">\n\t\t\t\t<div class=\"elementor-widget-container\">\n\t\t\t\t\t\t\t<div class=\"elementor-cta\">\n\t\t\t\t\t<div class=\"elementor-cta__bg-wrapper\">\n\t\t\t\t<div class=\"elementor-cta__bg elementor-bg\" style=\"background-image: url(https:\/\/wellink-equipment.com\/wp-content\/uploads\/2023\/12\/Loglogic-ST-140-3.webp);\" role=\"img\" aria-label=\"Loglogic ST 140-3\"><\/div>\n\t\t\t\t<div class=\"elementor-cta__bg-overlay\"><\/div>\n\t\t\t<\/div>\n\t\t\t\t\t\t\t<div class=\"elementor-cta__content\">\n\t\t\t\t\n\t\t\t\t\t\t\t\t\t<h2 class=\"elementor-cta__title elementor-cta__content-item elementor-content-item\">\n\t\t\t\t\t\t<span style=\"font-size: 54px\">Chaser<\/span>\t\t\t\t\t<\/h2>\n\t\t\t\t\n\t\t\t\t\t\t\t\t\t<div class=\"elementor-cta__description elementor-cta__content-item elementor-content-item\">\n\t\t\t\t\t\tChaser wurde von Wellink entwickelt und umfasst einen Hochkipper, der auf den Loglogic ST 140 abgestimmt ist<br><br>\t\t\t\t\t<\/div>\n\t\t\t\t\n\t\t\t\t\t\t\t\t\t<div class=\"elementor-cta__button-wrapper elementor-cta__content-item elementor-content-item\">\n\t\t\t\t\t<a class=\"elementor-cta__button elementor-button elementor-size-\" href=\"https:\/\/wellink-equipment.com\/de\/wetland\/chaser\/\">\n\t\t\t\t\t\tEntdecken Sie hier die M\u00f6glichkeiten\t\t\t\t\t<\/a>\n\t\t\t\t\t<\/div>\n\t\t\t\t\t\t\t<\/div>\n\t\t\t\t\t\t<\/div>\n\t\t\t\t\t\t<\/div>\n\t\t\t\t<\/div>\n\t\t\t\t<\/div>\n\t\t<div class=\"elementor-element elementor-element-8ae5f75 e-con-full e-flex e-con e-child\" data-id=\"8ae5f75\" data-element_type=\"container\" data-e-type=\"container\">\n\t\t\t\t<div class=\"elementor-element elementor-element-87f7159 elementor-cta--skin-classic elementor-animated-content elementor-bg-transform elementor-bg-transform-zoom-in elementor-widget elementor-widget-call-to-action\" data-id=\"87f7159\" data-element_type=\"widget\" data-e-type=\"widget\" data-widget_type=\"call-to-action.default\">\n\t\t\t\t<div class=\"elementor-widget-container\">\n\t\t\t\t\t\t\t<div class=\"elementor-cta\">\n\t\t\t\t\t<div class=\"elementor-cta__bg-wrapper\">\n\t\t\t\t<div class=\"elementor-cta__bg elementor-bg\" style=\"background-image: url(https:\/\/wellink-equipment.com\/wp-content\/uploads\/2023\/12\/Hunter-Trackflex2.webp);\" role=\"img\" aria-label=\"Hunter Trackflex2\"><\/div>\n\t\t\t\t<div class=\"elementor-cta__bg-overlay\"><\/div>\n\t\t\t<\/div>\n\t\t\t\t\t\t\t<div class=\"elementor-cta__content\">\n\t\t\t\t\n\t\t\t\t\t\t\t\t\t<h2 class=\"elementor-cta__title elementor-cta__content-item elementor-content-item\">\n\t\t\t\t\t\tTrackFlex \t\t\t\t\t<\/h2>\n\t\t\t\t\n\t\t\t\t\t\t\t\t\t<div class=\"elementor-cta__description elementor-cta__content-item elementor-content-item\">\n\t\t\t\t\t\tHunter entwickelt zusammen mit Endnutzern Anbauger\u00e4te und Maschinen f\u00fcr den Holz- und naturbezogenen Markt\t\t\t\t\t<\/div>\n\t\t\t\t\n\t\t\t\t\t\t\t\t\t<div class=\"elementor-cta__button-wrapper elementor-cta__content-item elementor-content-item\">\n\t\t\t\t\t<a class=\"elementor-cta__button elementor-button elementor-size-\" href=\"https:\/\/wellink-equipment.com\/de\/landschapsbeheer\/hunter\/hunter-trackflex\/\">\n\t\t\t\t\t\tEntdecken Sie hier die M\u00f6glichkeiten\t\t\t\t\t<\/a>\n\t\t\t\t\t<\/div>\n\t\t\t\t\t\t\t<\/div>\n\t\t\t\t\t\t<\/div>\n\t\t\t\t\t\t<\/div>\n\t\t\t\t<\/div>\n\t\t\t\t<\/div>\n\t\t\t\t\t<\/div>\n\t\t\t\t<\/div>\n\t\t\t\t<\/div>","protected":false},"excerpt":{"rendered":"<p>Wetland machines kwetsbare natuur, moeras &amp; veen Wetland machines, speciaal voor kwetsbare gebieden Onze rupswerktuigdragers zijn gespecialiseerd voor natte landgebieden (wetland). Onze nadruk op duurzaamheid en minimale impact op het milieu maakt ons aantrekkelijk voor klanten die werken in ecologisch gevoelige en beschermde wetland- en natuurgebieden. Met een gronddruk vanaf 75 gr\/cm2 kunnen onze machines [&hellip;]<\/p>\n","protected":false},"author":2,"featured_media":0,"parent":0,"menu_order":4,"comment_status":"closed","ping_status":"closed","template":"elementor_header_footer","meta":{"footnotes":""},"class_list":["post-70","page","type-page","status-publish","hentry"],"yoast_head":"<!-- This site is optimized with the Yoast SEO plugin v27.1.1 - https:\/\/yoast.com\/product\/yoast-seo-wordpress\/ -->\n<title>Wetland - Wellink Equipment<\/title>\n<meta name=\"robots\" content=\"index, follow, max-snippet:-1, max-image-preview:large, max-video-preview:-1\" \/>\n<link rel=\"canonical\" href=\"https:\/\/wellink-equipment.com\/de\/wetland\/\" \/>\n<meta property=\"og:locale\" content=\"de_DE\" \/>\n<meta property=\"og:type\" content=\"article\" \/>\n<meta property=\"og:title\" content=\"Wetland - Wellink Equipment\" \/>\n<meta property=\"og:description\" content=\"Wetland machines kwetsbare natuur, moeras &amp; veen Wetland machines, speciaal voor kwetsbare gebieden Onze rupswerktuigdragers zijn gespecialiseerd voor natte landgebieden (wetland). Onze nadruk op duurzaamheid en minimale impact op het milieu maakt ons aantrekkelijk voor klanten die werken in ecologisch gevoelige en beschermde wetland- en natuurgebieden. Met een gronddruk vanaf 75 gr\/cm2 kunnen onze machines [&hellip;]\" \/>\n<meta property=\"og:url\" content=\"https:\/\/wellink-equipment.com\/de\/wetland\/\" \/>\n<meta property=\"og:site_name\" content=\"Wellink Equipment\" \/>\n<meta property=\"article:modified_time\" content=\"2025-12-15T09:54:47+00:00\" \/>\n<meta name=\"twitter:card\" content=\"summary_large_image\" \/>\n<meta name=\"twitter:label1\" content=\"Gesch\u00e4tzte Lesezeit\" \/>\n\t<meta name=\"twitter:data1\" content=\"1\u00a0Minute\" \/>\n<script type=\"application\/ld+json\" class=\"yoast-schema-graph\">{\"@context\":\"https:\/\/schema.org\",\"@graph\":[{\"@type\":\"WebPage\",\"@id\":\"https:\/\/wellink-equipment.com\/wetland\/\",\"url\":\"https:\/\/wellink-equipment.com\/wetland\/\",\"name\":\"Wetland - Wellink Equipment\",\"isPartOf\":{\"@id\":\"https:\/\/wellink-equipment.com\/#website\"},\"datePublished\":\"2023-10-23T08:59:25+00:00\",\"dateModified\":\"2025-12-15T09:54:47+00:00\",\"breadcrumb\":{\"@id\":\"https:\/\/wellink-equipment.com\/wetland\/#breadcrumb\"},\"inLanguage\":\"de\",\"potentialAction\":[{\"@type\":\"ReadAction\",\"target\":[\"https:\/\/wellink-equipment.com\/wetland\/\"]}]},{\"@type\":\"BreadcrumbList\",\"@id\":\"https:\/\/wellink-equipment.com\/wetland\/#breadcrumb\",\"itemListElement\":[{\"@type\":\"ListItem\",\"position\":1,\"name\":\"Home\",\"item\":\"https:\/\/wellink-equipment.com\/\"},{\"@type\":\"ListItem\",\"position\":2,\"name\":\"Wetland\"}]},{\"@type\":\"WebSite\",\"@id\":\"https:\/\/wellink-equipment.com\/#website\",\"url\":\"https:\/\/wellink-equipment.com\/\",\"name\":\"Wellink Machines\",\"description\":\"\",\"publisher\":{\"@id\":\"https:\/\/wellink-equipment.com\/#organization\"},\"potentialAction\":[{\"@type\":\"SearchAction\",\"target\":{\"@type\":\"EntryPoint\",\"urlTemplate\":\"https:\/\/wellink-equipment.com\/?s={search_term_string}\"},\"query-input\":{\"@type\":\"PropertyValueSpecification\",\"valueRequired\":true,\"valueName\":\"search_term_string\"}}],\"inLanguage\":\"de\"},{\"@type\":\"Organization\",\"@id\":\"https:\/\/wellink-equipment.com\/#organization\",\"name\":\"Wellink Machines\",\"url\":\"https:\/\/wellink-equipment.com\/\",\"logo\":{\"@type\":\"ImageObject\",\"inLanguage\":\"de\",\"@id\":\"https:\/\/wellink-equipment.com\/#\/schema\/logo\/image\/\",\"url\":\"https:\/\/wellink-equipment.com\/wp-content\/uploads\/2023\/10\/Wellink-logo.png\",\"contentUrl\":\"https:\/\/wellink-equipment.com\/wp-content\/uploads\/2023\/10\/Wellink-logo.png\",\"width\":227,\"height\":62,\"caption\":\"Wellink Machines\"},\"image\":{\"@id\":\"https:\/\/wellink-equipment.com\/#\/schema\/logo\/image\/\"}}]}<\/script>\n<!-- \/ Yoast SEO plugin. -->","yoast_head_json":{"title":"Wetland - Wellink Equipment","robots":{"index":"index","follow":"follow","max-snippet":"max-snippet:-1","max-image-preview":"max-image-preview:large","max-video-preview":"max-video-preview:-1"},"canonical":"https:\/\/wellink-equipment.com\/de\/wetland\/","og_locale":"de_DE","og_type":"article","og_title":"Wetland - Wellink Equipment","og_description":"Wetland machines kwetsbare natuur, moeras &amp; veen Wetland machines, speciaal voor kwetsbare gebieden Onze rupswerktuigdragers zijn gespecialiseerd voor natte landgebieden (wetland). Onze nadruk op duurzaamheid en minimale impact op het milieu maakt ons aantrekkelijk voor klanten die werken in ecologisch gevoelige en beschermde wetland- en natuurgebieden. Met een gronddruk vanaf 75 gr\/cm2 kunnen onze machines [&hellip;]","og_url":"https:\/\/wellink-equipment.com\/de\/wetland\/","og_site_name":"Wellink Equipment","article_modified_time":"2025-12-15T09:54:47+00:00","twitter_card":"summary_large_image","twitter_misc":{"Gesch\u00e4tzte Lesezeit":"1\u00a0Minute"},"schema":{"@context":"https:\/\/schema.org","@graph":[{"@type":"WebPage","@id":"https:\/\/wellink-equipment.com\/wetland\/","url":"https:\/\/wellink-equipment.com\/wetland\/","name":"Wetland - Wellink Equipment","isPartOf":{"@id":"https:\/\/wellink-equipment.com\/#website"},"datePublished":"2023-10-23T08:59:25+00:00","dateModified":"2025-12-15T09:54:47+00:00","breadcrumb":{"@id":"https:\/\/wellink-equipment.com\/wetland\/#breadcrumb"},"inLanguage":"de","potentialAction":[{"@type":"ReadAction","target":["https:\/\/wellink-equipment.com\/wetland\/"]}]},{"@type":"BreadcrumbList","@id":"https:\/\/wellink-equipment.com\/wetland\/#breadcrumb","itemListElement":[{"@type":"ListItem","position":1,"name":"Home","item":"https:\/\/wellink-equipment.com\/"},{"@type":"ListItem","position":2,"name":"Wetland"}]},{"@type":"WebSite","@id":"https:\/\/wellink-equipment.com\/#website","url":"https:\/\/wellink-equipment.com\/","name":"Wellink Machines","description":"","publisher":{"@id":"https:\/\/wellink-equipment.com\/#organization"},"potentialAction":[{"@type":"SearchAction","target":{"@type":"EntryPoint","urlTemplate":"https:\/\/wellink-equipment.com\/?s={search_term_string}"},"query-input":{"@type":"PropertyValueSpecification","valueRequired":true,"valueName":"search_term_string"}}],"inLanguage":"de"},{"@type":"Organization","@id":"https:\/\/wellink-equipment.com\/#organization","name":"Wellink Machines","url":"https:\/\/wellink-equipment.com\/","logo":{"@type":"ImageObject","inLanguage":"de","@id":"https:\/\/wellink-equipment.com\/#\/schema\/logo\/image\/","url":"https:\/\/wellink-equipment.com\/wp-content\/uploads\/2023\/10\/Wellink-logo.png","contentUrl":"https:\/\/wellink-equipment.com\/wp-content\/uploads\/2023\/10\/Wellink-logo.png","width":227,"height":62,"caption":"Wellink Machines"},"image":{"@id":"https:\/\/wellink-equipment.com\/#\/schema\/logo\/image\/"}}]}},"_links":{"self":[{"href":"https:\/\/wellink-equipment.com\/de\/wp-json\/wp\/v2\/pages\/70","targetHints":{"allow":["GET"]}}],"collection":[{"href":"https:\/\/wellink-equipment.com\/de\/wp-json\/wp\/v2\/pages"}],"about":[{"href":"https:\/\/wellink-equipment.com\/de\/wp-json\/wp\/v2\/types\/page"}],"author":[{"embeddable":true,"href":"https:\/\/wellink-equipment.com\/de\/wp-json\/wp\/v2\/users\/2"}],"replies":[{"embeddable":true,"href":"https:\/\/wellink-equipment.com\/de\/wp-json\/wp\/v2\/comments?post=70"}],"version-history":[{"count":127,"href":"https:\/\/wellink-equipment.com\/de\/wp-json\/wp\/v2\/pages\/70\/revisions"}],"predecessor-version":[{"id":11142,"href":"https:\/\/wellink-equipment.com\/de\/wp-json\/wp\/v2\/pages\/70\/revisions\/11142"}],"wp:attachment":[{"href":"https:\/\/wellink-equipment.com\/de\/wp-json\/wp\/v2\/media?parent=70"}],"curies":[{"name":"wp","href":"https:\/\/api.w.org\/{rel}","templated":true}]}}