{"id":6934,"date":"2024-07-02T15:09:51","date_gmt":"2024-07-02T15:09:51","guid":{"rendered":"https:\/\/wellinkmachines.com\/?page_id=6934"},"modified":"2024-08-12T11:51:03","modified_gmt":"2024-08-12T11:51:03","slug":"erkend-leerbedrijf","status":"publish","type":"page","link":"https:\/\/wellink-equipment.com\/de\/erkend-leerbedrijf\/","title":{"rendered":"Erkend leerbedrijf"},"content":{"rendered":"<div data-elementor-type=\"wp-page\" data-elementor-id=\"6934\" class=\"elementor elementor-6934\" data-elementor-post-type=\"page\">\n\t\t\t\t<div class=\"elementor-element elementor-element-173f4515 e-flex e-con-boxed e-con e-parent\" data-id=\"173f4515\" data-element_type=\"container\" data-e-type=\"container\">\n\t\t\t\t\t<div class=\"e-con-inner\">\n\t\t<div class=\"elementor-element elementor-element-7f626bf e-con-full e-flex e-con e-child\" data-id=\"7f626bf\" data-element_type=\"container\" data-e-type=\"container\">\n\t\t\t\t<div class=\"elementor-element elementor-element-3c1aeab7 elementor-widget elementor-widget-image\" data-id=\"3c1aeab7\" data-element_type=\"widget\" data-e-type=\"widget\" data-widget_type=\"image.default\">\n\t\t\t\t<div class=\"elementor-widget-container\">\n\t\t\t\t\t\t\t\t\t\t\t\t\t\t\t<img fetchpriority=\"high\" decoding=\"async\" width=\"600\" height=\"600\" src=\"https:\/\/wellink-equipment.com\/wp-content\/uploads\/2023\/10\/sbb-beeldmerk.png\" class=\"attachment-large size-large wp-image-6931\" alt=\"\" srcset=\"https:\/\/wellink-equipment.com\/wp-content\/uploads\/2023\/10\/sbb-beeldmerk.png 600w, https:\/\/wellink-equipment.com\/wp-content\/uploads\/2023\/10\/sbb-beeldmerk-300x300.png 300w, https:\/\/wellink-equipment.com\/wp-content\/uploads\/2023\/10\/sbb-beeldmerk-150x150.png 150w\" sizes=\"(max-width: 600px) 100vw, 600px\" \/>\t\t\t\t\t\t\t\t\t\t\t\t\t\t\t<\/div>\n\t\t\t\t<\/div>\n\t\t\t\t<\/div>\n\t\t<div class=\"elementor-element elementor-element-5359ab0b e-con-full e-flex e-con e-child\" data-id=\"5359ab0b\" data-element_type=\"container\" data-e-type=\"container\">\n\t\t\t\t<div class=\"elementor-element elementor-element-7d71db9c elementor-widget elementor-widget-heading\" data-id=\"7d71db9c\" data-element_type=\"widget\" data-e-type=\"widget\" data-widget_type=\"heading.default\">\n\t\t\t\t<div class=\"elementor-widget-container\">\n\t\t\t\t\t<h2 class=\"elementor-heading-title elementor-size-default\">Wellink Equipment ist ein anerkanntes Ausbildungsunternehmen, wir hei\u00dfen Studenten mit offenen Armen willkommen!<\/h2>\t\t\t\t<\/div>\n\t\t\t\t<\/div>\n\t\t\t\t<div class=\"elementor-element elementor-element-53f8ece4 elementor-widget elementor-widget-text-editor\" data-id=\"53f8ece4\" data-element_type=\"widget\" data-e-type=\"widget\" data-widget_type=\"text-editor.default\">\n\t\t\t\t<div class=\"elementor-widget-container\">\n\t\t\t\t\t\t\t\t\t<p><em>Praktikanten k\u00f6nnen offiziell bei Wellink Equipment arbeiten. Dar\u00fcber freuen wir uns nat\u00fcrlich. So k\u00f6nnen wir einen gesellschaftlichen Beitrag zur Entwicklung, zum handwerklichen K\u00f6nnen und zur Zukunft der Studierenden leisten.<\/em><\/p><p>Wir haben uns zu einem anerkannten Ausbildungsbetrieb entwickelt, weil wir auf der Suche nach neuen Leuten sind. Wir m\u00f6chten, dass neue Leute ausgebildet werden, damit sie in Zukunft in dieser Branche arbeiten k\u00f6nnen. Wir haben viel Erfahrung in der Ausbildung von Studenten und haben viele positive Reaktionen von den Studenten, die ihr Praktikum bei uns absolviert haben. Wir sind ein sehr breit aufgestelltes Unternehmen und man kann hier viel Wissen erlangen.<\/p><p>Wir bieten Studierenden einen guten und sicheren Arbeitsplatz. Der Studierende kann Arbeitsabl\u00e4ufe \u00fcben. Wir stellen Zeit, Raum und Ressourcen zur Verf\u00fcgung, damit der Student seine Aufgabe erledigen kann.<\/p>\t\t\t\t\t\t\t\t<\/div>\n\t\t\t\t<\/div>\n\t\t\t\t<\/div>\n\t\t\t\t\t<\/div>\n\t\t\t\t<\/div>\n\t\t<div class=\"elementor-element elementor-element-0a547bf e-flex e-con-boxed e-con e-parent\" data-id=\"0a547bf\" data-element_type=\"container\" data-e-type=\"container\" data-settings=\"{&quot;background_background&quot;:&quot;gradient&quot;}\">\n\t\t\t\t\t<div class=\"e-con-inner\">\n\t\t<div class=\"elementor-element elementor-element-c4163dd e-con-full e-flex e-con e-child\" data-id=\"c4163dd\" data-element_type=\"container\" data-e-type=\"container\">\n\t\t\t\t<div class=\"elementor-element elementor-element-9baea8a elementor-widget elementor-widget-heading\" data-id=\"9baea8a\" data-element_type=\"widget\" data-e-type=\"widget\" data-widget_type=\"heading.default\">\n\t\t\t\t<div class=\"elementor-widget-container\">\n\t\t\t\t\t<h2 class=\"elementor-heading-title elementor-size-default\">M\u00f6chten Sie ein Praktikum bei uns machen oder ben\u00f6tigen Sie weitere Informationen?<\/h2>\t\t\t\t<\/div>\n\t\t\t\t<\/div>\n\t\t\t\t<div class=\"elementor-element elementor-element-ff71f14 elementor-widget elementor-widget-heading\" data-id=\"ff71f14\" data-element_type=\"widget\" data-e-type=\"widget\" data-widget_type=\"heading.default\">\n\t\t\t\t<div class=\"elementor-widget-container\">\n\t\t\t\t\t<h2 class=\"elementor-heading-title elementor-size-default\">Wir helfen Ihnen gerne weiter!<\/h2>\t\t\t\t<\/div>\n\t\t\t\t<\/div>\n\t\t\t\t<\/div>\n\t\t<div class=\"elementor-element elementor-element-c306b94 e-con-full e-flex e-con e-child\" data-id=\"c306b94\" data-element_type=\"container\" data-e-type=\"container\">\n\t\t\t\t<div class=\"elementor-element elementor-element-990fd94 elementor-view-default elementor-invisible elementor-widget elementor-widget-icon\" data-id=\"990fd94\" data-element_type=\"widget\" data-e-type=\"widget\" data-settings=\"{&quot;_animation&quot;:&quot;fadeInDown&quot;}\" data-widget_type=\"icon.default\">\n\t\t\t\t<div class=\"elementor-widget-container\">\n\t\t\t\t\t\t\t<div class=\"elementor-icon-wrapper\">\n\t\t\t<div class=\"elementor-icon elementor-animation-push\">\n\t\t\t<svg xmlns=\"http:\/\/www.w3.org\/2000\/svg\" width=\"80\" height=\"80\" viewbox=\"0 0 80 80\"><g id=\"Group_88\" data-name=\"Group 88\" transform=\"translate(-920 -1009)\"><circle id=\"Ellipse_86\" data-name=\"Ellipse 86\" cx=\"40\" cy=\"40\" r=\"40\" transform=\"translate(920 1009)\" fill=\"#fff\"><\/circle><path id=\"Polygon_1\" data-name=\"Polygon 1\" d=\"M24.5,0,49,25H0Z\" transform=\"translate(985 1070) rotate(180)\" fill=\"#1e78c1\"><\/path><\/g><\/svg>\t\t\t<\/div>\n\t\t<\/div>\n\t\t\t\t\t\t<\/div>\n\t\t\t\t<\/div>\n\t\t\t\t<\/div>\n\t\t<div class=\"elementor-element elementor-element-749be25 e-con-full e-flex e-con e-child\" data-id=\"749be25\" data-element_type=\"container\" data-e-type=\"container\">\n\t\t\t\t<div class=\"elementor-element elementor-element-b32cab0 elementor-mobile-align-center elementor-align-center elementor-widget elementor-widget-button\" data-id=\"b32cab0\" data-element_type=\"widget\" data-e-type=\"widget\" data-widget_type=\"button.default\">\n\t\t\t\t<div class=\"elementor-widget-container\">\n\t\t\t\t\t\t\t\t\t<div class=\"elementor-button-wrapper\">\n\t\t\t\t\t<a class=\"elementor-button elementor-button-link elementor-size-sm\" href=\"tel:%200031544769009\">\n\t\t\t\t\t\t<span class=\"elementor-button-content-wrapper\">\n\t\t\t\t\t\t<span class=\"elementor-button-icon\">\n\t\t\t\t<i aria-hidden=\"true\" class=\"far fa-envelope\"><\/i>\t\t\t<\/span>\n\t\t\t\t\t\t\t\t\t<span class=\"elementor-button-text\">info@wellink-equipment.com<\/span>\n\t\t\t\t\t<\/span>\n\t\t\t\t\t<\/a>\n\t\t\t\t<\/div>\n\t\t\t\t\t\t\t\t<\/div>\n\t\t\t\t<\/div>\n\t\t\t\t<div class=\"elementor-element elementor-element-df33fd1 elementor-mobile-align-center elementor-align-center elementor-widget elementor-widget-button\" data-id=\"df33fd1\" data-element_type=\"widget\" data-e-type=\"widget\" data-widget_type=\"button.default\">\n\t\t\t\t<div class=\"elementor-widget-container\">\n\t\t\t\t\t\t\t\t\t<div class=\"elementor-button-wrapper\">\n\t\t\t\t\t<a class=\"elementor-button elementor-button-link elementor-size-sm\" href=\"tel:%200031544769009\">\n\t\t\t\t\t\t<span class=\"elementor-button-content-wrapper\">\n\t\t\t\t\t\t<span class=\"elementor-button-icon\">\n\t\t\t\t<i aria-hidden=\"true\" class=\"fas fa-phone-alt\"><\/i>\t\t\t<\/span>\n\t\t\t\t\t\t\t\t\t<span class=\"elementor-button-text\"> +31 (0) 544 - 769009<\/span>\n\t\t\t\t\t<\/span>\n\t\t\t\t\t<\/a>\n\t\t\t\t<\/div>\n\t\t\t\t\t\t\t\t<\/div>\n\t\t\t\t<\/div>\n\t\t\t\t<\/div>\n\t\t\t\t\t<\/div>\n\t\t\t\t<\/div>\n\t\t\t\t<\/div>","protected":false},"excerpt":{"rendered":"<p>Wellink Equipment is een erkend leerbedrijf, wij verwelkomen studenten met open armen! Stagiaires mogen officieel komen werken bij Wellink Equipment. Uiteraard zijn we daar blij mee. We kunnen daardoor een maatschappelijke bijdrage leveren aan de ontwikkeling, vakmanschap en toekomst van studenten. Wij zijn een erkend leerbedrijf geworden, omdat wij zoeken naar nieuwe mensen. Wij willen [&hellip;]<\/p>\n","protected":false},"author":2,"featured_media":0,"parent":0,"menu_order":0,"comment_status":"closed","ping_status":"closed","template":"elementor_header_footer","meta":{"footnotes":""},"class_list":["post-6934","page","type-page","status-publish","hentry"],"yoast_head":"<!-- This site is optimized with the Yoast SEO plugin v27.1.1 - https:\/\/yoast.com\/product\/yoast-seo-wordpress\/ -->\n<title>Erkend leerbedrijf - Wellink Equipment<\/title>\n<meta name=\"robots\" content=\"index, follow, max-snippet:-1, max-image-preview:large, max-video-preview:-1\" \/>\n<link rel=\"canonical\" href=\"https:\/\/wellink-equipment.com\/de\/erkend-leerbedrijf\/\" \/>\n<meta property=\"og:locale\" content=\"de_DE\" \/>\n<meta property=\"og:type\" content=\"article\" \/>\n<meta property=\"og:title\" content=\"Erkend leerbedrijf - Wellink Equipment\" \/>\n<meta property=\"og:description\" content=\"Wellink Equipment is een erkend leerbedrijf, wij verwelkomen studenten met open armen! Stagiaires mogen officieel komen werken bij Wellink Equipment. Uiteraard zijn we daar blij mee. We kunnen daardoor een maatschappelijke bijdrage leveren aan de ontwikkeling, vakmanschap en toekomst van studenten. Wij zijn een erkend leerbedrijf geworden, omdat wij zoeken naar nieuwe mensen. Wij willen [&hellip;]\" \/>\n<meta property=\"og:url\" content=\"https:\/\/wellink-equipment.com\/de\/erkend-leerbedrijf\/\" \/>\n<meta property=\"og:site_name\" content=\"Wellink Equipment\" \/>\n<meta property=\"article:modified_time\" content=\"2024-08-12T11:51:03+00:00\" \/>\n<meta property=\"og:image\" content=\"https:\/\/wellink-equipment.com\/wp-content\/uploads\/2023\/10\/sbb-beeldmerk.png\" \/>\n<meta name=\"twitter:card\" content=\"summary_large_image\" \/>\n<meta name=\"twitter:label1\" content=\"Gesch\u00e4tzte Lesezeit\" \/>\n\t<meta name=\"twitter:data1\" content=\"1\u00a0Minute\" \/>\n<script type=\"application\/ld+json\" class=\"yoast-schema-graph\">{\"@context\":\"https:\/\/schema.org\",\"@graph\":[{\"@type\":\"WebPage\",\"@id\":\"https:\/\/wellink-equipment.com\/erkend-leerbedrijf\/\",\"url\":\"https:\/\/wellink-equipment.com\/erkend-leerbedrijf\/\",\"name\":\"Erkend leerbedrijf - Wellink Equipment\",\"isPartOf\":{\"@id\":\"https:\/\/wellink-equipment.com\/#website\"},\"primaryImageOfPage\":{\"@id\":\"https:\/\/wellink-equipment.com\/erkend-leerbedrijf\/#primaryimage\"},\"image\":{\"@id\":\"https:\/\/wellink-equipment.com\/erkend-leerbedrijf\/#primaryimage\"},\"thumbnailUrl\":\"https:\/\/wellink-equipment.com\/wp-content\/uploads\/2023\/10\/sbb-beeldmerk.png\",\"datePublished\":\"2024-07-02T15:09:51+00:00\",\"dateModified\":\"2024-08-12T11:51:03+00:00\",\"breadcrumb\":{\"@id\":\"https:\/\/wellink-equipment.com\/erkend-leerbedrijf\/#breadcrumb\"},\"inLanguage\":\"de\",\"potentialAction\":[{\"@type\":\"ReadAction\",\"target\":[\"https:\/\/wellink-equipment.com\/erkend-leerbedrijf\/\"]}]},{\"@type\":\"ImageObject\",\"inLanguage\":\"de\",\"@id\":\"https:\/\/wellink-equipment.com\/erkend-leerbedrijf\/#primaryimage\",\"url\":\"https:\/\/wellink-equipment.com\/wp-content\/uploads\/2023\/10\/sbb-beeldmerk.png\",\"contentUrl\":\"https:\/\/wellink-equipment.com\/wp-content\/uploads\/2023\/10\/sbb-beeldmerk.png\"},{\"@type\":\"BreadcrumbList\",\"@id\":\"https:\/\/wellink-equipment.com\/erkend-leerbedrijf\/#breadcrumb\",\"itemListElement\":[{\"@type\":\"ListItem\",\"position\":1,\"name\":\"Home\",\"item\":\"https:\/\/wellink-equipment.com\/\"},{\"@type\":\"ListItem\",\"position\":2,\"name\":\"Erkend leerbedrijf\"}]},{\"@type\":\"WebSite\",\"@id\":\"https:\/\/wellink-equipment.com\/#website\",\"url\":\"https:\/\/wellink-equipment.com\/\",\"name\":\"Wellink Machines\",\"description\":\"\",\"publisher\":{\"@id\":\"https:\/\/wellink-equipment.com\/#organization\"},\"potentialAction\":[{\"@type\":\"SearchAction\",\"target\":{\"@type\":\"EntryPoint\",\"urlTemplate\":\"https:\/\/wellink-equipment.com\/?s={search_term_string}\"},\"query-input\":{\"@type\":\"PropertyValueSpecification\",\"valueRequired\":true,\"valueName\":\"search_term_string\"}}],\"inLanguage\":\"de\"},{\"@type\":\"Organization\",\"@id\":\"https:\/\/wellink-equipment.com\/#organization\",\"name\":\"Wellink Machines\",\"url\":\"https:\/\/wellink-equipment.com\/\",\"logo\":{\"@type\":\"ImageObject\",\"inLanguage\":\"de\",\"@id\":\"https:\/\/wellink-equipment.com\/#\/schema\/logo\/image\/\",\"url\":\"https:\/\/wellink-equipment.com\/wp-content\/uploads\/2023\/10\/Wellink-logo.png\",\"contentUrl\":\"https:\/\/wellink-equipment.com\/wp-content\/uploads\/2023\/10\/Wellink-logo.png\",\"width\":227,\"height\":62,\"caption\":\"Wellink Machines\"},\"image\":{\"@id\":\"https:\/\/wellink-equipment.com\/#\/schema\/logo\/image\/\"}}]}<\/script>\n<!-- \/ Yoast SEO plugin. -->","yoast_head_json":{"title":"Erkend leerbedrijf - Wellink Equipment","robots":{"index":"index","follow":"follow","max-snippet":"max-snippet:-1","max-image-preview":"max-image-preview:large","max-video-preview":"max-video-preview:-1"},"canonical":"https:\/\/wellink-equipment.com\/de\/erkend-leerbedrijf\/","og_locale":"de_DE","og_type":"article","og_title":"Erkend leerbedrijf - Wellink Equipment","og_description":"Wellink Equipment is een erkend leerbedrijf, wij verwelkomen studenten met open armen! Stagiaires mogen officieel komen werken bij Wellink Equipment. Uiteraard zijn we daar blij mee. We kunnen daardoor een maatschappelijke bijdrage leveren aan de ontwikkeling, vakmanschap en toekomst van studenten. Wij zijn een erkend leerbedrijf geworden, omdat wij zoeken naar nieuwe mensen. Wij willen [&hellip;]","og_url":"https:\/\/wellink-equipment.com\/de\/erkend-leerbedrijf\/","og_site_name":"Wellink Equipment","article_modified_time":"2024-08-12T11:51:03+00:00","og_image":[{"url":"https:\/\/wellink-equipment.com\/wp-content\/uploads\/2023\/10\/sbb-beeldmerk.png","type":"","width":"","height":""}],"twitter_card":"summary_large_image","twitter_misc":{"Gesch\u00e4tzte Lesezeit":"1\u00a0Minute"},"schema":{"@context":"https:\/\/schema.org","@graph":[{"@type":"WebPage","@id":"https:\/\/wellink-equipment.com\/erkend-leerbedrijf\/","url":"https:\/\/wellink-equipment.com\/erkend-leerbedrijf\/","name":"Erkend leerbedrijf - Wellink Equipment","isPartOf":{"@id":"https:\/\/wellink-equipment.com\/#website"},"primaryImageOfPage":{"@id":"https:\/\/wellink-equipment.com\/erkend-leerbedrijf\/#primaryimage"},"image":{"@id":"https:\/\/wellink-equipment.com\/erkend-leerbedrijf\/#primaryimage"},"thumbnailUrl":"https:\/\/wellink-equipment.com\/wp-content\/uploads\/2023\/10\/sbb-beeldmerk.png","datePublished":"2024-07-02T15:09:51+00:00","dateModified":"2024-08-12T11:51:03+00:00","breadcrumb":{"@id":"https:\/\/wellink-equipment.com\/erkend-leerbedrijf\/#breadcrumb"},"inLanguage":"de","potentialAction":[{"@type":"ReadAction","target":["https:\/\/wellink-equipment.com\/erkend-leerbedrijf\/"]}]},{"@type":"ImageObject","inLanguage":"de","@id":"https:\/\/wellink-equipment.com\/erkend-leerbedrijf\/#primaryimage","url":"https:\/\/wellink-equipment.com\/wp-content\/uploads\/2023\/10\/sbb-beeldmerk.png","contentUrl":"https:\/\/wellink-equipment.com\/wp-content\/uploads\/2023\/10\/sbb-beeldmerk.png"},{"@type":"BreadcrumbList","@id":"https:\/\/wellink-equipment.com\/erkend-leerbedrijf\/#breadcrumb","itemListElement":[{"@type":"ListItem","position":1,"name":"Home","item":"https:\/\/wellink-equipment.com\/"},{"@type":"ListItem","position":2,"name":"Erkend leerbedrijf"}]},{"@type":"WebSite","@id":"https:\/\/wellink-equipment.com\/#website","url":"https:\/\/wellink-equipment.com\/","name":"Wellink Machines","description":"","publisher":{"@id":"https:\/\/wellink-equipment.com\/#organization"},"potentialAction":[{"@type":"SearchAction","target":{"@type":"EntryPoint","urlTemplate":"https:\/\/wellink-equipment.com\/?s={search_term_string}"},"query-input":{"@type":"PropertyValueSpecification","valueRequired":true,"valueName":"search_term_string"}}],"inLanguage":"de"},{"@type":"Organization","@id":"https:\/\/wellink-equipment.com\/#organization","name":"Wellink Machines","url":"https:\/\/wellink-equipment.com\/","logo":{"@type":"ImageObject","inLanguage":"de","@id":"https:\/\/wellink-equipment.com\/#\/schema\/logo\/image\/","url":"https:\/\/wellink-equipment.com\/wp-content\/uploads\/2023\/10\/Wellink-logo.png","contentUrl":"https:\/\/wellink-equipment.com\/wp-content\/uploads\/2023\/10\/Wellink-logo.png","width":227,"height":62,"caption":"Wellink Machines"},"image":{"@id":"https:\/\/wellink-equipment.com\/#\/schema\/logo\/image\/"}}]}},"_links":{"self":[{"href":"https:\/\/wellink-equipment.com\/de\/wp-json\/wp\/v2\/pages\/6934","targetHints":{"allow":["GET"]}}],"collection":[{"href":"https:\/\/wellink-equipment.com\/de\/wp-json\/wp\/v2\/pages"}],"about":[{"href":"https:\/\/wellink-equipment.com\/de\/wp-json\/wp\/v2\/types\/page"}],"author":[{"embeddable":true,"href":"https:\/\/wellink-equipment.com\/de\/wp-json\/wp\/v2\/users\/2"}],"replies":[{"embeddable":true,"href":"https:\/\/wellink-equipment.com\/de\/wp-json\/wp\/v2\/comments?post=6934"}],"version-history":[{"count":25,"href":"https:\/\/wellink-equipment.com\/de\/wp-json\/wp\/v2\/pages\/6934\/revisions"}],"predecessor-version":[{"id":8569,"href":"https:\/\/wellink-equipment.com\/de\/wp-json\/wp\/v2\/pages\/6934\/revisions\/8569"}],"wp:attachment":[{"href":"https:\/\/wellink-equipment.com\/de\/wp-json\/wp\/v2\/media?parent=6934"}],"curies":[{"name":"wp","href":"https:\/\/api.w.org\/{rel}","templated":true}]}}