{"id":5105,"date":"2024-05-31T09:37:33","date_gmt":"2024-05-31T09:37:33","guid":{"rendered":"https:\/\/wellinkmachines.com\/?page_id=5105"},"modified":"2024-07-10T07:18:11","modified_gmt":"2024-07-10T07:18:11","slug":"uitrijwagen","status":"publish","type":"page","link":"https:\/\/wellink-equipment.com\/de\/uitrijwagen\/","title":{"rendered":"Ausbringwagen"},"content":{"rendered":"<div data-elementor-type=\"wp-page\" data-elementor-id=\"5105\" class=\"elementor elementor-5105\" data-elementor-post-type=\"page\">\n\t\t\t\t<div class=\"elementor-element elementor-element-124f602 e-flex e-con-boxed e-con e-parent\" data-id=\"124f602\" data-element_type=\"container\" data-e-type=\"container\">\n\t\t\t\t\t<div class=\"e-con-inner\">\n\t\t\t\t<div class=\"elementor-element elementor-element-94810bd elementor-widget elementor-widget-heading\" data-id=\"94810bd\" data-element_type=\"widget\" data-e-type=\"widget\" data-widget_type=\"heading.default\">\n\t\t\t\t<div class=\"elementor-widget-container\">\n\t\t\t\t\t<h2 class=\"elementor-heading-title elementor-size-default\">Assortiment uitrijwagens<\/h2>\t\t\t\t<\/div>\n\t\t\t\t<\/div>\n\t\t\t\t\t<\/div>\n\t\t\t\t<\/div>\n\t\t<div class=\"elementor-element elementor-element-b33bdb2 e-flex e-con-boxed e-con e-parent\" data-id=\"b33bdb2\" data-element_type=\"container\" data-e-type=\"container\">\n\t\t\t\t\t<div class=\"e-con-inner\">\n\t\t<div class=\"elementor-element elementor-element-270f9a9 e-con-full e-flex e-con e-child\" data-id=\"270f9a9\" data-element_type=\"container\" data-e-type=\"container\">\n\t\t\t\t<div class=\"elementor-element elementor-element-d746c88 elementor-cta--skin-classic elementor-animated-content elementor-bg-transform elementor-bg-transform-zoom-in elementor-widget elementor-widget-call-to-action\" data-id=\"d746c88\" data-element_type=\"widget\" data-e-type=\"widget\" data-widget_type=\"call-to-action.default\">\n\t\t\t\t<div class=\"elementor-widget-container\">\n\t\t\t\t\t\t\t<a class=\"elementor-cta\" href=\"http:\/\/wellink-equipment.com\/landschapsbeheer\/pfanzelt\/pfanzelt-uitrijwagen\/\">\n\t\t\t\t\t<div class=\"elementor-cta__bg-wrapper\">\n\t\t\t\t<div class=\"elementor-cta__bg elementor-bg\" style=\"background-image: url(https:\/\/wellink-equipment.com\/wp-content\/uploads\/2024\/01\/Pfanzelt-uitrijwagen-S-line.webp);\" role=\"img\" aria-label=\"Pfanzelt uitrijwagen S-line\"><\/div>\n\t\t\t\t<div class=\"elementor-cta__bg-overlay\"><\/div>\n\t\t\t<\/div>\n\t\t\t\t\t\t\t<div class=\"elementor-cta__content\">\n\t\t\t\t\n\t\t\t\t\t\t\t\t\t<h2 class=\"elementor-cta__title elementor-cta__content-item elementor-content-item\">\n\t\t\t\t\t\tS-line\t\t\t\t\t<\/h2>\n\t\t\t\t\n\t\t\t\t\t\t\t\t\t<div class=\"elementor-cta__description elementor-cta__content-item elementor-content-item\">\n\t\t\t\t\t\tDe S-line voor wagens van 6-8 T\t\t\t\t\t<\/div>\n\t\t\t\t\n\t\t\t\t\t\t\t\t\t<div class=\"elementor-cta__button-wrapper elementor-cta__content-item elementor-content-item\">\n\t\t\t\t\t<span class=\"elementor-cta__button elementor-button elementor-size-\">\n\t\t\t\t\t\tOntdek de mogelijkheden\t\t\t\t\t<\/span>\n\t\t\t\t\t<\/div>\n\t\t\t\t\t\t\t<\/div>\n\t\t\t\t\t\t<\/a>\n\t\t\t\t\t\t<\/div>\n\t\t\t\t<\/div>\n\t\t\t\t<\/div>\n\t\t<div class=\"elementor-element elementor-element-6a61173 e-con-full e-flex e-con e-child\" data-id=\"6a61173\" data-element_type=\"container\" data-e-type=\"container\">\n\t\t\t\t<div class=\"elementor-element elementor-element-2025133 elementor-cta--skin-classic elementor-animated-content elementor-bg-transform elementor-bg-transform-zoom-in elementor-widget elementor-widget-call-to-action\" data-id=\"2025133\" data-element_type=\"widget\" data-e-type=\"widget\" data-widget_type=\"call-to-action.default\">\n\t\t\t\t<div class=\"elementor-widget-container\">\n\t\t\t\t\t\t\t<a class=\"elementor-cta\" href=\"http:\/\/wellink-equipment.com\/landschapsbeheer\/pfanzelt\/pfanzelt-uitrijwagen\/\">\n\t\t\t\t\t<div class=\"elementor-cta__bg-wrapper\">\n\t\t\t\t<div class=\"elementor-cta__bg elementor-bg\" style=\"background-image: url(https:\/\/wellink-equipment.com\/wp-content\/uploads\/2024\/01\/Pfanzelt-uitrijwagen-pro-line.webp);\" role=\"img\" aria-label=\"Pfanzelt uitrijwagen pro-line\"><\/div>\n\t\t\t\t<div class=\"elementor-cta__bg-overlay\"><\/div>\n\t\t\t<\/div>\n\t\t\t\t\t\t\t<div class=\"elementor-cta__content\">\n\t\t\t\t\n\t\t\t\t\t\t\t\t\t<h2 class=\"elementor-cta__title elementor-cta__content-item elementor-content-item\">\n\t\t\t\t\t\tBei der Pro-Line\t\t\t\t\t<\/h2>\n\t\t\t\t\n\t\t\t\t\t\t\t\t\t<div class=\"elementor-cta__description elementor-cta__content-item elementor-content-item\">\n\t\t\t\t\t\tDe Pro-line voor wagens van 11-17 T\t\t\t\t\t<\/div>\n\t\t\t\t\n\t\t\t\t\t\t\t\t\t<div class=\"elementor-cta__button-wrapper elementor-cta__content-item elementor-content-item\">\n\t\t\t\t\t<span class=\"elementor-cta__button elementor-button elementor-size-\">\n\t\t\t\t\t\tOntdek de mogelijkheden\t\t\t\t\t<\/span>\n\t\t\t\t\t<\/div>\n\t\t\t\t\t\t\t<\/div>\n\t\t\t\t\t\t<\/a>\n\t\t\t\t\t\t<\/div>\n\t\t\t\t<\/div>\n\t\t\t\t<\/div>\n\t\t<div class=\"elementor-element elementor-element-fbf6e56 e-con-full e-flex e-con e-child\" data-id=\"fbf6e56\" data-element_type=\"container\" data-e-type=\"container\">\n\t\t\t\t<div class=\"elementor-element elementor-element-a3b772f elementor-cta--skin-classic elementor-animated-content elementor-bg-transform elementor-bg-transform-zoom-in elementor-widget elementor-widget-call-to-action\" data-id=\"a3b772f\" data-element_type=\"widget\" data-e-type=\"widget\" data-widget_type=\"call-to-action.default\">\n\t\t\t\t<div class=\"elementor-widget-container\">\n\t\t\t\t\t\t\t<a class=\"elementor-cta\" href=\"http:\/\/wellink-equipment.com\/landschapsbeheer\/pfanzelt\/pfanzelt-uitrijwagen\/\">\n\t\t\t\t\t<div class=\"elementor-cta__bg-wrapper\">\n\t\t\t\t<div class=\"elementor-cta__bg elementor-bg\" style=\"background-image: url(https:\/\/wellink-equipment.com\/wp-content\/uploads\/2024\/01\/Pfanzelt-uitrijwagen-log-line.webp);\" role=\"img\" aria-label=\"Pfanzelt uitrijwagen log-line\"><\/div>\n\t\t\t\t<div class=\"elementor-cta__bg-overlay\"><\/div>\n\t\t\t<\/div>\n\t\t\t\t\t\t\t<div class=\"elementor-cta__content\">\n\t\t\t\t\n\t\t\t\t\t\t\t\t\t<h2 class=\"elementor-cta__title elementor-cta__content-item elementor-content-item\">\n\t\t\t\t\t\tLog-line\t\t\t\t\t<\/h2>\n\t\t\t\t\n\t\t\t\t\t\t\t\t\t<div class=\"elementor-cta__description elementor-cta__content-item elementor-content-item\">\n\t\t\t\t\t\tDe Log-line voor wagens van 14-17 T\t\t\t\t\t<\/div>\n\t\t\t\t\n\t\t\t\t\t\t\t\t\t<div class=\"elementor-cta__button-wrapper elementor-cta__content-item elementor-content-item\">\n\t\t\t\t\t<span class=\"elementor-cta__button elementor-button elementor-size-\">\n\t\t\t\t\t\tOntdek de mogelijkheden\t\t\t\t\t<\/span>\n\t\t\t\t\t<\/div>\n\t\t\t\t\t\t\t<\/div>\n\t\t\t\t\t\t<\/a>\n\t\t\t\t\t\t<\/div>\n\t\t\t\t<\/div>\n\t\t\t\t<\/div>\n\t\t\t\t\t<\/div>\n\t\t\t\t<\/div>\n\t\t<div class=\"elementor-element elementor-element-eab5765 e-flex e-con-boxed e-con e-parent\" data-id=\"eab5765\" data-element_type=\"container\" data-e-type=\"container\">\n\t\t\t\t\t<div class=\"e-con-inner\">\n\t\t<div class=\"elementor-element elementor-element-111b3a4 e-con-full e-flex e-con e-child\" data-id=\"111b3a4\" data-element_type=\"container\" data-e-type=\"container\">\n\t\t\t\t<div class=\"elementor-element elementor-element-72f0d34 elementor-cta--skin-classic elementor-animated-content elementor-bg-transform elementor-bg-transform-zoom-in elementor-widget elementor-widget-call-to-action\" data-id=\"72f0d34\" data-element_type=\"widget\" data-e-type=\"widget\" data-widget_type=\"call-to-action.default\">\n\t\t\t\t<div class=\"elementor-widget-container\">\n\t\t\t\t\t\t\t<div class=\"elementor-cta\">\n\t\t\t\t\t<div class=\"elementor-cta__bg-wrapper\">\n\t\t\t\t<div class=\"elementor-cta__bg elementor-bg\" style=\"background-image: url(https:\/\/wellink-equipment.com\/wp-content\/uploads\/2024\/01\/Hunter-Loadlex.webp);\" role=\"img\" aria-label=\"Hunter Loadlex\"><\/div>\n\t\t\t\t<div class=\"elementor-cta__bg-overlay\"><\/div>\n\t\t\t<\/div>\n\t\t\t\t\t\t\t<div class=\"elementor-cta__content\">\n\t\t\t\t\n\t\t\t\t\t\t\t\t\t<h2 class=\"elementor-cta__title elementor-cta__content-item elementor-content-item\">\n\t\t\t\t\t\tLoadflex\t\t\t\t\t<\/h2>\n\t\t\t\t\n\t\t\t\t\t\t\t\t\t<div class=\"elementor-cta__description elementor-cta__content-item elementor-content-item\">\n\t\t\t\t\t\tDer Hunter LoadFlex Ausbringwagen ist ideal f\u00fcr den Transport der gef\u00e4llten B\u00e4ume\t\t\t\t\t<\/div>\n\t\t\t\t\n\t\t\t\t\t\t\t\t\t<div class=\"elementor-cta__button-wrapper elementor-cta__content-item elementor-content-item\">\n\t\t\t\t\t<a class=\"elementor-cta__button elementor-button elementor-size-\" href=\"https:\/\/wellink-equipment.com\/de\/landschapsbeheer\/hunter\/hunter-loadflex\/\">\n\t\t\t\t\t\tEntdecken Sie hier die M\u00f6glichkeiten\t\t\t\t\t<\/a>\n\t\t\t\t\t<\/div>\n\t\t\t\t\t\t\t<\/div>\n\t\t\t\t\t\t<\/div>\n\t\t\t\t\t\t<\/div>\n\t\t\t\t<\/div>\n\t\t\t\t<\/div>\n\t\t<div class=\"elementor-element elementor-element-bbcf42f e-con-full e-flex e-con e-child\" data-id=\"bbcf42f\" data-element_type=\"container\" data-e-type=\"container\">\n\t\t\t\t<\/div>\n\t\t<div class=\"elementor-element elementor-element-8e96a77 e-con-full e-flex e-con e-child\" data-id=\"8e96a77\" data-element_type=\"container\" data-e-type=\"container\">\n\t\t\t\t<\/div>\n\t\t\t\t\t<\/div>\n\t\t\t\t<\/div>\n\t\t\t\t<\/div>","protected":false},"excerpt":{"rendered":"<p>Assortiment uitrijwagens S-line De S-line voor wagens van 6-8 T Ontdek de mogelijkheden Pro-line De Pro-line voor wagens van 11-17 T Ontdek de mogelijkheden Log-line De Log-line voor wagens van 14-17 T Ontdek de mogelijkheden Loadflex De Hunter LoadFlex uitrijwagen is ideaal voor het vervoer van de omgezaagde bomen. Ontdek hier de mogelijkheden<\/p>","protected":false},"author":2,"featured_media":0,"parent":0,"menu_order":0,"comment_status":"closed","ping_status":"closed","template":"elementor_header_footer","meta":{"footnotes":""},"class_list":["post-5105","page","type-page","status-publish","hentry"],"yoast_head":"<!-- This site is optimized with the Yoast SEO plugin v27.1.1 - https:\/\/yoast.com\/product\/yoast-seo-wordpress\/ -->\n<title>Uitrijwagen - Wellink Equipment<\/title>\n<meta name=\"robots\" content=\"index, follow, max-snippet:-1, max-image-preview:large, max-video-preview:-1\" \/>\n<link rel=\"canonical\" href=\"https:\/\/wellink-equipment.com\/de\/uitrijwagen\/\" \/>\n<meta property=\"og:locale\" content=\"de_DE\" \/>\n<meta property=\"og:type\" content=\"article\" \/>\n<meta property=\"og:title\" content=\"Uitrijwagen - Wellink Equipment\" \/>\n<meta property=\"og:description\" content=\"Assortiment uitrijwagens S-line De S-line voor wagens van 6-8 T Ontdek de mogelijkheden Pro-line De Pro-line voor wagens van 11-17 T Ontdek de mogelijkheden Log-line De Log-line voor wagens van 14-17 T Ontdek de mogelijkheden Loadflex De Hunter LoadFlex uitrijwagen is ideaal voor het vervoer van de omgezaagde bomen. Ontdek hier de mogelijkheden\" \/>\n<meta property=\"og:url\" content=\"https:\/\/wellink-equipment.com\/de\/uitrijwagen\/\" \/>\n<meta property=\"og:site_name\" content=\"Wellink Equipment\" \/>\n<meta property=\"article:modified_time\" content=\"2024-07-10T07:18:11+00:00\" \/>\n<meta name=\"twitter:card\" content=\"summary_large_image\" \/>\n<meta name=\"twitter:label1\" content=\"Gesch\u00e4tzte Lesezeit\" \/>\n\t<meta name=\"twitter:data1\" content=\"1\u00a0Minute\" \/>\n<script type=\"application\/ld+json\" class=\"yoast-schema-graph\">{\"@context\":\"https:\/\/schema.org\",\"@graph\":[{\"@type\":\"WebPage\",\"@id\":\"https:\/\/wellink-equipment.com\/uitrijwagen\/\",\"url\":\"https:\/\/wellink-equipment.com\/uitrijwagen\/\",\"name\":\"Uitrijwagen - Wellink Equipment\",\"isPartOf\":{\"@id\":\"https:\/\/wellink-equipment.com\/#website\"},\"datePublished\":\"2024-05-31T09:37:33+00:00\",\"dateModified\":\"2024-07-10T07:18:11+00:00\",\"breadcrumb\":{\"@id\":\"https:\/\/wellink-equipment.com\/uitrijwagen\/#breadcrumb\"},\"inLanguage\":\"de\",\"potentialAction\":[{\"@type\":\"ReadAction\",\"target\":[\"https:\/\/wellink-equipment.com\/uitrijwagen\/\"]}]},{\"@type\":\"BreadcrumbList\",\"@id\":\"https:\/\/wellink-equipment.com\/uitrijwagen\/#breadcrumb\",\"itemListElement\":[{\"@type\":\"ListItem\",\"position\":1,\"name\":\"Home\",\"item\":\"https:\/\/wellink-equipment.com\/\"},{\"@type\":\"ListItem\",\"position\":2,\"name\":\"Uitrijwagen\"}]},{\"@type\":\"WebSite\",\"@id\":\"https:\/\/wellink-equipment.com\/#website\",\"url\":\"https:\/\/wellink-equipment.com\/\",\"name\":\"Wellink Machines\",\"description\":\"\",\"publisher\":{\"@id\":\"https:\/\/wellink-equipment.com\/#organization\"},\"potentialAction\":[{\"@type\":\"SearchAction\",\"target\":{\"@type\":\"EntryPoint\",\"urlTemplate\":\"https:\/\/wellink-equipment.com\/?s={search_term_string}\"},\"query-input\":{\"@type\":\"PropertyValueSpecification\",\"valueRequired\":true,\"valueName\":\"search_term_string\"}}],\"inLanguage\":\"de\"},{\"@type\":\"Organization\",\"@id\":\"https:\/\/wellink-equipment.com\/#organization\",\"name\":\"Wellink Machines\",\"url\":\"https:\/\/wellink-equipment.com\/\",\"logo\":{\"@type\":\"ImageObject\",\"inLanguage\":\"de\",\"@id\":\"https:\/\/wellink-equipment.com\/#\/schema\/logo\/image\/\",\"url\":\"https:\/\/wellink-equipment.com\/wp-content\/uploads\/2023\/10\/Wellink-logo.png\",\"contentUrl\":\"https:\/\/wellink-equipment.com\/wp-content\/uploads\/2023\/10\/Wellink-logo.png\",\"width\":227,\"height\":62,\"caption\":\"Wellink Machines\"},\"image\":{\"@id\":\"https:\/\/wellink-equipment.com\/#\/schema\/logo\/image\/\"}}]}<\/script>\n<!-- \/ Yoast SEO plugin. -->","yoast_head_json":{"title":"Uitrijwagen - Wellink Equipment","robots":{"index":"index","follow":"follow","max-snippet":"max-snippet:-1","max-image-preview":"max-image-preview:large","max-video-preview":"max-video-preview:-1"},"canonical":"https:\/\/wellink-equipment.com\/de\/uitrijwagen\/","og_locale":"de_DE","og_type":"article","og_title":"Uitrijwagen - Wellink Equipment","og_description":"Assortiment uitrijwagens S-line De S-line voor wagens van 6-8 T Ontdek de mogelijkheden Pro-line De Pro-line voor wagens van 11-17 T Ontdek de mogelijkheden Log-line De Log-line voor wagens van 14-17 T Ontdek de mogelijkheden Loadflex De Hunter LoadFlex uitrijwagen is ideaal voor het vervoer van de omgezaagde bomen. Ontdek hier de mogelijkheden","og_url":"https:\/\/wellink-equipment.com\/de\/uitrijwagen\/","og_site_name":"Wellink Equipment","article_modified_time":"2024-07-10T07:18:11+00:00","twitter_card":"summary_large_image","twitter_misc":{"Gesch\u00e4tzte Lesezeit":"1\u00a0Minute"},"schema":{"@context":"https:\/\/schema.org","@graph":[{"@type":"WebPage","@id":"https:\/\/wellink-equipment.com\/uitrijwagen\/","url":"https:\/\/wellink-equipment.com\/uitrijwagen\/","name":"Uitrijwagen - Wellink Equipment","isPartOf":{"@id":"https:\/\/wellink-equipment.com\/#website"},"datePublished":"2024-05-31T09:37:33+00:00","dateModified":"2024-07-10T07:18:11+00:00","breadcrumb":{"@id":"https:\/\/wellink-equipment.com\/uitrijwagen\/#breadcrumb"},"inLanguage":"de","potentialAction":[{"@type":"ReadAction","target":["https:\/\/wellink-equipment.com\/uitrijwagen\/"]}]},{"@type":"BreadcrumbList","@id":"https:\/\/wellink-equipment.com\/uitrijwagen\/#breadcrumb","itemListElement":[{"@type":"ListItem","position":1,"name":"Home","item":"https:\/\/wellink-equipment.com\/"},{"@type":"ListItem","position":2,"name":"Uitrijwagen"}]},{"@type":"WebSite","@id":"https:\/\/wellink-equipment.com\/#website","url":"https:\/\/wellink-equipment.com\/","name":"Wellink Machines","description":"","publisher":{"@id":"https:\/\/wellink-equipment.com\/#organization"},"potentialAction":[{"@type":"SearchAction","target":{"@type":"EntryPoint","urlTemplate":"https:\/\/wellink-equipment.com\/?s={search_term_string}"},"query-input":{"@type":"PropertyValueSpecification","valueRequired":true,"valueName":"search_term_string"}}],"inLanguage":"de"},{"@type":"Organization","@id":"https:\/\/wellink-equipment.com\/#organization","name":"Wellink Machines","url":"https:\/\/wellink-equipment.com\/","logo":{"@type":"ImageObject","inLanguage":"de","@id":"https:\/\/wellink-equipment.com\/#\/schema\/logo\/image\/","url":"https:\/\/wellink-equipment.com\/wp-content\/uploads\/2023\/10\/Wellink-logo.png","contentUrl":"https:\/\/wellink-equipment.com\/wp-content\/uploads\/2023\/10\/Wellink-logo.png","width":227,"height":62,"caption":"Wellink Machines"},"image":{"@id":"https:\/\/wellink-equipment.com\/#\/schema\/logo\/image\/"}}]}},"_links":{"self":[{"href":"https:\/\/wellink-equipment.com\/de\/wp-json\/wp\/v2\/pages\/5105","targetHints":{"allow":["GET"]}}],"collection":[{"href":"https:\/\/wellink-equipment.com\/de\/wp-json\/wp\/v2\/pages"}],"about":[{"href":"https:\/\/wellink-equipment.com\/de\/wp-json\/wp\/v2\/types\/page"}],"author":[{"embeddable":true,"href":"https:\/\/wellink-equipment.com\/de\/wp-json\/wp\/v2\/users\/2"}],"replies":[{"embeddable":true,"href":"https:\/\/wellink-equipment.com\/de\/wp-json\/wp\/v2\/comments?post=5105"}],"version-history":[{"count":13,"href":"https:\/\/wellink-equipment.com\/de\/wp-json\/wp\/v2\/pages\/5105\/revisions"}],"predecessor-version":[{"id":7458,"href":"https:\/\/wellink-equipment.com\/de\/wp-json\/wp\/v2\/pages\/5105\/revisions\/7458"}],"wp:attachment":[{"href":"https:\/\/wellink-equipment.com\/de\/wp-json\/wp\/v2\/media?parent=5105"}],"curies":[{"name":"wp","href":"https:\/\/api.w.org\/{rel}","templated":true}]}}